{"id":731,"date":"2015-09-17T16:44:45","date_gmt":"2015-09-17T16:44:45","guid":{"rendered":"https:\/\/aspri.es\/en\/services\/gestion-de-patrimonios-en-barcelona\/"},"modified":"2018-03-09T12:29:53","modified_gmt":"2018-03-09T11:29:53","slug":"asset-management","status":"publish","type":"page","link":"https:\/\/aspri.es\/en\/services\/asset-management\/","title":{"rendered":"Asset management"},"content":{"rendered":"<p>[vc_row el_class=&#8221;service_box_wrap&#8221;][vc_column width=&#8221;1\/6&#8243; css=&#8221;.vc_custom_1442578081905{margin-bottom: 20px !important;}&#8221;][vc_single_image image=&#8221;424&#8243; img_size=&#8221;full&#8221; alignment=&#8221;center&#8221; onclick=&#8221;custom_link&#8221; el_class=&#8221;inactive&#8221; link=&#8221;https:\/\/aspri.es\/en\/management-services\/condominium-management\/&#8221;][\/vc_column][vc_column width=&#8221;1\/6&#8243; css=&#8221;.vc_custom_1442578086143{margin-bottom: 20px !important;}&#8221;][vc_single_image image=&#8221;422&#8243; img_size=&#8221;full&#8221; alignment=&#8221;center&#8221; onclick=&#8221;custom_link&#8221; el_class=&#8221;inactive&#8221; link=&#8221;https:\/\/aspri.es\/en\/management-services\/rent-management\/&#8221;][\/vc_column][vc_column width=&#8221;1\/6&#8243; css=&#8221;.vc_custom_1442578092942{margin-bottom: 20px !important;}&#8221;][vc_single_image image=&#8221;428&#8243; img_size=&#8221;full&#8221; alignment=&#8221;center&#8221;][\/vc_column][vc_column width=&#8221;1\/6&#8243; css=&#8221;.vc_custom_1442578112226{margin-bottom: 20px !important;}&#8221;][vc_single_image image=&#8221;430&#8243; img_size=&#8221;full&#8221; alignment=&#8221;center&#8221; onclick=&#8221;custom_link&#8221; el_class=&#8221;inactive&#8221; link=&#8221;https:\/\/aspri.es\/en\/services\/real-estate-sales\/&#8221;][\/vc_column][vc_column width=&#8221;1\/6&#8243; el_class=&#8221;service_box_last&#8221; css=&#8221;.vc_custom_1446107290161{margin-bottom: 20px !important;}&#8221;][vc_single_image image=&#8221;426&#8243; img_size=&#8221;full&#8221; alignment=&#8221;center&#8221; onclick=&#8221;custom_link&#8221; el_class=&#8221;inactive&#8221; link=&#8221;https:\/\/aspri.es\/en\/services\/legal-consultancy\/&#8221;][\/vc_column][vc_column width=&#8221;1\/6&#8243;][vc_column_text]<br \/>\n[\/vc_column_text][\/vc_column][\/vc_row][vc_row el_class=&#8221;color&#8221;][vc_column][vc_column_text]For more than 30 years we have been managing Real Estate Assets with one clear goal: <strong>Help you achieve the highest profitability for your real estate investments<\/strong>, optimizing your investment with constant monitoring and efficient management[\/vc_column_text][\/vc_column][\/vc_row][vc_row el_class=&#8221;color&#8221;][vc_column width=&#8221;1\/2&#8243;][vc_column_text]<\/p>\n<h3><strong>Economic and administrative management<\/strong><\/h3>\n<ul>\n<li>Management of tenants.<\/li>\n<li>Management and control of contracts, bank guarantees and deposits.<\/li>\n<li>Rental fees revision and application of the agreed revisions.<\/li>\n<li>Management and control of contracts, bank guarantees and deposits.<\/li>\n<li>Management of Joint ownerships and asset-holding companies.<\/li>\n<li>Management of the property employees (Concierge, gardener, etc.).<\/li>\n<li>Economical information for the tax statements.<\/li>\n<li>Monthly statement of revenue and expenses.<\/li>\n<\/ul>\n<p>[\/vc_column_text][vc_column_text]<\/p>\n<h3><strong>Commercial operation and customer service<\/strong><\/h3>\n<ul>\n<li>Management of rental termination and property check.<\/li>\n<li>Search of new tenants.<\/li>\n<li>Listing to our portfolio of potential customers, partners and real estate portals.<\/li>\n<li>Careful selection, revision and guarantees of the possible tenants.<\/li>\n<li>Writing, control and management of the rental contracts.<\/li>\n<\/ul>\n<p>[\/vc_column_text][\/vc_column][vc_column width=&#8221;1\/2&#8243;][vc_column_text]<\/p>\n<h3><strong>Technical management of the property<\/strong><\/h3>\n<ul>\n<li>Management and control of issues.<\/li>\n<li>Technical consultancy.<\/li>\n<li>Management of the assigned contractors.<\/li>\n<li>Integral management of the property.\n<ul>\n<li>Utilities (Gas, water, electricity, etc.).<\/li>\n<li>Preventive maintenance.<\/li>\n<li>Technical inspections of the building (ITE).<\/li>\n<li>Card of habitability (C\u00e9dula de habitabilidad) and Energy Certification.<\/li>\n<\/ul>\n<\/li>\n<\/ul>\n<p>[\/vc_column_text][vc_column_text]<\/p>\n<h3><strong>Legal, tax and labour advice<\/strong><\/h3>\n<ul>\n<li>Labour advice to manage payrolls of the building employees.<\/li>\n<li>Tax advice, management of trimestral VAT.<\/li>\n<li>Legal advice for real Estate consultancy and claim of debts and evictions.<\/li>\n<\/ul>\n<p>[\/vc_column_text][\/vc_column][\/vc_row][vc_row full_width=&#8221;stretch_row&#8221; el_class=&#8221;color&#8221; css=&#8221;.vc_custom_1444234519837{margin-bottom: 0px !important;padding-top: 30px !important;padding-bottom: 30px !important;background-color: #efefef !important;}&#8221;][vc_column][vc_column_text]<img loading=\"lazy\" decoding=\"async\" class=\"alignleft size-full wp-image-213\" src=\"https:\/\/aspri.es\/wp-content\/uploads\/2015\/10\/check.png\" alt=\"check\" width=\"50\" height=\"50\" \/><span style=\"line-height: 46px;\">Our team will keep you informed of the situation of all your real estate assets.<\/span>[\/vc_column_text][\/vc_column][\/vc_row][vc_row full_width=&#8221;stretch_row&#8221; css=&#8221;.vc_custom_1447344085685{margin-bottom: 0px !important;background: #999999 url(https:\/\/aspri.es\/wp-content\/uploads\/2015\/10\/fondo-contacto.jpg?id=886) !important;}&#8221;][vc_column][vc_column_text el_class=&#8221;contactohome&#8221;]<\/p>\n<h2 style=\"text-align: center;\">How can we help you?<\/h2>\n<p style=\"text-align: center;\">If you wish to receive further information or have any question, complete the below form and we will contact you shortly.<\/p>\n<p>[\/vc_column_text]\n<div class=\"wpcf7 no-js\" id=\"wpcf7-f719-o1\" lang=\"en-US\" dir=\"ltr\" data-wpcf7-id=\"719\">\n<div class=\"screen-reader-response\"><p role=\"status\" aria-live=\"polite\" aria-atomic=\"true\"><\/p> <ul><\/ul><\/div>\n<form action=\"\/en\/wp-json\/wp\/v2\/pages\/731\/#wpcf7-f719-o1\" method=\"post\" class=\"wpcf7-form init\" aria-label=\"Contact form\" novalidate=\"novalidate\" data-status=\"init\">\n<fieldset class=\"hidden-fields-container\"><input type=\"hidden\" name=\"_wpcf7\" value=\"719\" \/><input type=\"hidden\" name=\"_wpcf7_version\" value=\"6.1.5\" \/><input type=\"hidden\" name=\"_wpcf7_locale\" value=\"en_US\" \/><input type=\"hidden\" name=\"_wpcf7_unit_tag\" value=\"wpcf7-f719-o1\" \/><input type=\"hidden\" name=\"_wpcf7_container_post\" value=\"0\" \/><input type=\"hidden\" name=\"_wpcf7_posted_data_hash\" value=\"\" \/><input type=\"hidden\" name=\"_wpcf7_recaptcha_response\" value=\"\" \/>\n<\/fieldset>\n<div style=\"float:left;width:32%;margin-right:2%;\">\n\t<p><span class=\"wpcf7-form-control-wrap\" data-name=\"your-name\"><input size=\"40\" maxlength=\"400\" class=\"wpcf7-form-control wpcf7-text wpcf7-validates-as-required\" aria-required=\"true\" aria-invalid=\"false\" placeholder=\"Name*\" value=\"\" type=\"text\" name=\"your-name\" \/><\/span>\n\t<\/p>\n<\/div>\n<div style=\"float:left;width:32%;margin-right:2%;\">\n\t<p><span class=\"wpcf7-form-control-wrap\" data-name=\"your-email\"><input size=\"40\" maxlength=\"400\" class=\"wpcf7-form-control wpcf7-email wpcf7-validates-as-required wpcf7-text wpcf7-validates-as-email\" aria-required=\"true\" aria-invalid=\"false\" placeholder=\"E-mail*\" value=\"\" type=\"email\" name=\"your-email\" \/><\/span>\n\t<\/p>\n<\/div>\n<div style=\"float:left;width:32%;\">\n\t<p><span class=\"wpcf7-form-control-wrap\" data-name=\"tel-160\"><input size=\"40\" maxlength=\"400\" class=\"wpcf7-form-control wpcf7-tel wpcf7-text wpcf7-validates-as-tel\" aria-invalid=\"false\" placeholder=\"Phone\" value=\"\" type=\"tel\" name=\"tel-160\" \/><\/span>\n\t<\/p>\n<\/div>\n<div style=\"clear:both;\">\n\t<p><span class=\"wpcf7-form-control-wrap\" data-name=\"your-subject\"><input size=\"40\" maxlength=\"400\" class=\"wpcf7-form-control wpcf7-text\" aria-invalid=\"false\" placeholder=\"Subject\" value=\"\" type=\"text\" name=\"your-subject\" \/><\/span>\n\t<\/p>\n<\/div>\n<div class=\"contacto\">\n\t<p><span class=\"wpcf7-form-control-wrap\" data-name=\"your-message\"><textarea cols=\"40\" rows=\"10\" maxlength=\"2000\" class=\"wpcf7-form-control wpcf7-textarea\" aria-invalid=\"false\" placeholder=\"Message\" name=\"your-message\"><\/textarea><\/span>\n\t<\/p>\n<\/div>\n<div style=\"float:left;color:#ffffff;\">\n\t<p><span class=\"wpcf7-form-control-wrap\" data-name=\"acceptance-949\"><span class=\"wpcf7-form-control wpcf7-acceptance\"><span class=\"wpcf7-list-item\"><input type=\"checkbox\" name=\"acceptance-949\" value=\"1\" aria-invalid=\"false\" \/><\/span><\/span><\/span> I accept the <a style=\"color:#ffffff !important;\" href=\"https:\/\/aspri.es\/en\/privacy-policy\/\" title=\"Privacy policy page\">privacy policy<\/a>\n\t<\/p>\n<\/div>\n<div style=\"text-align:right;\">\n\t<p><input class=\"wpcf7-form-control wpcf7-submit has-spinner\" type=\"submit\" value=\"Submit\" \/>\n\t<\/p>\n<\/div><div class=\"wpcf7-response-output\" aria-hidden=\"true\"><\/div>\n<\/form>\n<\/div>\n[\/vc_column][\/vc_row]<\/p>\n","protected":false},"excerpt":{"rendered":"<p>[vc_row el_class=&#8221;service_box_wrap&#8221;][vc_column width=&#8221;1\/6&#8243; css=&#8221;.vc_custom_1442578081905{margin-bottom: 20px !important;}&#8221;][vc_single_image image=&#8221;424&#8243; img_size=&#8221;full&#8221; alignment=&#8221;center&#8221; onclick=&#8221;custom_link&#8221; el_class=&#8221;inactive&#8221; link=&#8221;https:\/\/aspri.es\/en\/management-services\/condominium-management\/&#8221;][\/vc_column][vc_column width=&#8221;1\/6&#8243; css=&#8221;.vc_custom_1442578086143{margin-bottom: 20px !important;}&#8221;][vc_single_image image=&#8221;422&#8243; img_size=&#8221;full&#8221; alignment=&#8221;center&#8221; onclick=&#8221;custom_link&#8221; el_class=&#8221;inactive&#8221; link=&#8221;https:\/\/aspri.es\/en\/management-services\/rent-management\/&#8221;][\/vc_column][vc_column width=&#8221;1\/6&#8243; css=&#8221;.vc_custom_1442578092942{margin-bottom: 20px !important;}&#8221;][vc_single_image image=&#8221;428&#8243; img_size=&#8221;full&#8221; alignment=&#8221;center&#8221;][\/vc_column][vc_column width=&#8221;1\/6&#8243; css=&#8221;.vc_custom_1442578112226{margin-bottom: 20px !important;}&#8221;][vc_single_image image=&#8221;430&#8243; img_size=&#8221;full&#8221; alignment=&#8221;center&#8221; onclick=&#8221;custom_link&#8221; el_class=&#8221;inactive&#8221; link=&#8221;https:\/\/aspri.es\/en\/services\/real-estate-sales\/&#8221;][\/vc_column][vc_column width=&#8221;1\/6&#8243; el_class=&#8221;service_box_last&#8221; css=&#8221;.vc_custom_1446107290161{margin-bottom: 20px !important;}&#8221;][vc_single_image image=&#8221;426&#8243; img_size=&#8221;full&#8221; alignment=&#8221;center&#8221; onclick=&#8221;custom_link&#8221; el_class=&#8221;inactive&#8221; link=&#8221;https:\/\/aspri.es\/en\/services\/legal-consultancy\/&#8221;][\/vc_column][vc_column width=&#8221;1\/6&#8243;][vc_column_text] [\/vc_column_text][\/vc_column][\/vc_row][vc_row el_class=&#8221;color&#8221;][vc_column][vc_column_text]For more than [&hellip;]<\/p>\n","protected":false},"author":2,"featured_media":0,"parent":722,"menu_order":0,"comment_status":"closed","ping_status":"closed","template":"template-full-width.php","meta":{"_monsterinsights_skip_tracking":false,"_monsterinsights_sitenote_active":false,"_monsterinsights_sitenote_note":"","_monsterinsights_sitenote_category":0,"footnotes":""},"class_list":["post-731","page","type-page","status-publish","hentry"],"yoast_head":"<!-- This site is optimized with the Yoast SEO plugin v27.1.1 - https:\/\/yoast.com\/product\/yoast-seo-wordpress\/ -->\n<title>Asset management | Aspri<\/title>\n<meta name=\"description\" content=\"Nuestro objetivo desde hace 30 a\u00f1os es ayudarle a obtener la m\u00e1xima rentabilidad de sus inversiones inmobiliarias, optimizando su inversi\u00f3n.\" \/>\n<meta name=\"robots\" content=\"index, follow, max-snippet:-1, max-image-preview:large, max-video-preview:-1\" \/>\n<link rel=\"canonical\" href=\"https:\/\/aspri.es\/en\/services\/asset-management\/\" \/>\n<meta property=\"og:locale\" content=\"en_US\" \/>\n<meta property=\"og:type\" content=\"article\" \/>\n<meta property=\"og:title\" content=\"Asset management | Aspri\" \/>\n<meta property=\"og:description\" content=\"Nuestro objetivo desde hace 30 a\u00f1os es ayudarle a obtener la m\u00e1xima rentabilidad de sus inversiones inmobiliarias, optimizando su inversi\u00f3n.\" \/>\n<meta property=\"og:url\" content=\"https:\/\/aspri.es\/en\/services\/asset-management\/\" \/>\n<meta property=\"og:site_name\" content=\"Aspri\" \/>\n<meta property=\"article:modified_time\" content=\"2018-03-09T11:29:53+00:00\" \/>\n<meta property=\"og:image\" content=\"https:\/\/aspri.es\/wp-content\/uploads\/2015\/10\/check.png\" \/>\n<meta name=\"twitter:card\" content=\"summary_large_image\" \/>\n<meta name=\"twitter:label1\" content=\"Est. reading time\" \/>\n\t<meta name=\"twitter:data1\" content=\"3 minutes\" \/>\n<script type=\"application\/ld+json\" class=\"yoast-schema-graph\">{\"@context\":\"https:\/\/schema.org\",\"@graph\":[{\"@type\":\"WebPage\",\"@id\":\"https:\/\/aspri.es\/en\/services\/asset-management\/\",\"url\":\"https:\/\/aspri.es\/en\/services\/asset-management\/\",\"name\":\"Asset management | Aspri\",\"isPartOf\":{\"@id\":\"https:\/\/aspri.es\/#website\"},\"primaryImageOfPage\":{\"@id\":\"https:\/\/aspri.es\/en\/services\/asset-management\/#primaryimage\"},\"image\":{\"@id\":\"https:\/\/aspri.es\/en\/services\/asset-management\/#primaryimage\"},\"thumbnailUrl\":\"https:\/\/aspri.es\/wp-content\/uploads\/2015\/10\/check.png\",\"datePublished\":\"2015-09-17T16:44:45+00:00\",\"dateModified\":\"2018-03-09T11:29:53+00:00\",\"description\":\"Nuestro objetivo desde hace 30 a\u00f1os es ayudarle a obtener la m\u00e1xima rentabilidad de sus inversiones inmobiliarias, optimizando su inversi\u00f3n.\",\"breadcrumb\":{\"@id\":\"https:\/\/aspri.es\/en\/services\/asset-management\/#breadcrumb\"},\"inLanguage\":\"en-US\",\"potentialAction\":[{\"@type\":\"ReadAction\",\"target\":[\"https:\/\/aspri.es\/en\/services\/asset-management\/\"]}]},{\"@type\":\"ImageObject\",\"inLanguage\":\"en-US\",\"@id\":\"https:\/\/aspri.es\/en\/services\/asset-management\/#primaryimage\",\"url\":\"https:\/\/aspri.es\/wp-content\/uploads\/2015\/10\/check.png\",\"contentUrl\":\"https:\/\/aspri.es\/wp-content\/uploads\/2015\/10\/check.png\"},{\"@type\":\"BreadcrumbList\",\"@id\":\"https:\/\/aspri.es\/en\/services\/asset-management\/#breadcrumb\",\"itemListElement\":[{\"@type\":\"ListItem\",\"position\":1,\"name\":\"Home\",\"item\":\"https:\/\/aspri.es\/en\/\"},{\"@type\":\"ListItem\",\"position\":2,\"name\":\"Services\",\"item\":\"https:\/\/aspri.es\/en\/services\/\"},{\"@type\":\"ListItem\",\"position\":3,\"name\":\"Asset management\"}]},{\"@type\":\"WebSite\",\"@id\":\"https:\/\/aspri.es\/#website\",\"url\":\"https:\/\/aspri.es\/\",\"name\":\"Aspri\",\"description\":\"Otro sitio realizado con WordPress\",\"potentialAction\":[{\"@type\":\"SearchAction\",\"target\":{\"@type\":\"EntryPoint\",\"urlTemplate\":\"https:\/\/aspri.es\/?s={search_term_string}\"},\"query-input\":{\"@type\":\"PropertyValueSpecification\",\"valueRequired\":true,\"valueName\":\"search_term_string\"}}],\"inLanguage\":\"en-US\"}]}<\/script>\n<!-- \/ Yoast SEO plugin. -->","yoast_head_json":{"title":"Asset management | Aspri","description":"Nuestro objetivo desde hace 30 a\u00f1os es ayudarle a obtener la m\u00e1xima rentabilidad de sus inversiones inmobiliarias, optimizando su inversi\u00f3n.","robots":{"index":"index","follow":"follow","max-snippet":"max-snippet:-1","max-image-preview":"max-image-preview:large","max-video-preview":"max-video-preview:-1"},"canonical":"https:\/\/aspri.es\/en\/services\/asset-management\/","og_locale":"en_US","og_type":"article","og_title":"Asset management | Aspri","og_description":"Nuestro objetivo desde hace 30 a\u00f1os es ayudarle a obtener la m\u00e1xima rentabilidad de sus inversiones inmobiliarias, optimizando su inversi\u00f3n.","og_url":"https:\/\/aspri.es\/en\/services\/asset-management\/","og_site_name":"Aspri","article_modified_time":"2018-03-09T11:29:53+00:00","og_image":[{"url":"https:\/\/aspri.es\/wp-content\/uploads\/2015\/10\/check.png","type":"","width":"","height":""}],"twitter_card":"summary_large_image","twitter_misc":{"Est. reading time":"3 minutes"},"schema":{"@context":"https:\/\/schema.org","@graph":[{"@type":"WebPage","@id":"https:\/\/aspri.es\/en\/services\/asset-management\/","url":"https:\/\/aspri.es\/en\/services\/asset-management\/","name":"Asset management | Aspri","isPartOf":{"@id":"https:\/\/aspri.es\/#website"},"primaryImageOfPage":{"@id":"https:\/\/aspri.es\/en\/services\/asset-management\/#primaryimage"},"image":{"@id":"https:\/\/aspri.es\/en\/services\/asset-management\/#primaryimage"},"thumbnailUrl":"https:\/\/aspri.es\/wp-content\/uploads\/2015\/10\/check.png","datePublished":"2015-09-17T16:44:45+00:00","dateModified":"2018-03-09T11:29:53+00:00","description":"Nuestro objetivo desde hace 30 a\u00f1os es ayudarle a obtener la m\u00e1xima rentabilidad de sus inversiones inmobiliarias, optimizando su inversi\u00f3n.","breadcrumb":{"@id":"https:\/\/aspri.es\/en\/services\/asset-management\/#breadcrumb"},"inLanguage":"en-US","potentialAction":[{"@type":"ReadAction","target":["https:\/\/aspri.es\/en\/services\/asset-management\/"]}]},{"@type":"ImageObject","inLanguage":"en-US","@id":"https:\/\/aspri.es\/en\/services\/asset-management\/#primaryimage","url":"https:\/\/aspri.es\/wp-content\/uploads\/2015\/10\/check.png","contentUrl":"https:\/\/aspri.es\/wp-content\/uploads\/2015\/10\/check.png"},{"@type":"BreadcrumbList","@id":"https:\/\/aspri.es\/en\/services\/asset-management\/#breadcrumb","itemListElement":[{"@type":"ListItem","position":1,"name":"Home","item":"https:\/\/aspri.es\/en\/"},{"@type":"ListItem","position":2,"name":"Services","item":"https:\/\/aspri.es\/en\/services\/"},{"@type":"ListItem","position":3,"name":"Asset management"}]},{"@type":"WebSite","@id":"https:\/\/aspri.es\/#website","url":"https:\/\/aspri.es\/","name":"Aspri","description":"Otro sitio realizado con WordPress","potentialAction":[{"@type":"SearchAction","target":{"@type":"EntryPoint","urlTemplate":"https:\/\/aspri.es\/?s={search_term_string}"},"query-input":{"@type":"PropertyValueSpecification","valueRequired":true,"valueName":"search_term_string"}}],"inLanguage":"en-US"}]}},"_links":{"self":[{"href":"https:\/\/aspri.es\/en\/wp-json\/wp\/v2\/pages\/731\/"}],"collection":[{"href":"https:\/\/aspri.es\/en\/wp-json\/wp\/v2\/pages\/"}],"about":[{"href":"https:\/\/aspri.es\/en\/wp-json\/wp\/v2\/types\/page\/"}],"author":[{"embeddable":true,"href":"https:\/\/aspri.es\/en\/wp-json\/wp\/v2\/users\/2\/"}],"replies":[{"embeddable":true,"href":"https:\/\/aspri.es\/en\/wp-json\/wp\/v2\/comments\/?post=731"}],"version-history":[{"count":6,"href":"https:\/\/aspri.es\/en\/wp-json\/wp\/v2\/pages\/731\/revisions\/"}],"predecessor-version":[{"id":1008,"href":"https:\/\/aspri.es\/en\/wp-json\/wp\/v2\/pages\/731\/revisions\/1008\/"}],"up":[{"embeddable":true,"href":"https:\/\/aspri.es\/en\/wp-json\/wp\/v2\/pages\/722\/"}],"wp:attachment":[{"href":"https:\/\/aspri.es\/en\/wp-json\/wp\/v2\/media\/?parent=731"}],"curies":[{"name":"wp","href":"https:\/\/api.w.org\/{rel}","templated":true}]}}