{"id":757,"date":"2015-10-19T12:26:01","date_gmt":"2015-10-19T10:26:01","guid":{"rendered":"https:\/\/aspri.es\/ca\/aviso-legal\/"},"modified":"2018-03-09T12:30:11","modified_gmt":"2018-03-09T11:30:11","slug":"avis-legal","status":"publish","type":"page","link":"https:\/\/aspri.es\/ca\/avis-legal\/","title":{"rendered":"Av\u00eds Legal"},"content":{"rendered":"<h2>Titularitat de la web i les dades de contacte<\/h2>\n<p>www.aspri.es \u00e9s un domini d&#8217;internet que t\u00e9 com a propietari ASPRI GABINET IMMOBILIARI S.L. inscrita dins el Registre Mercantil de Barcelona, amb CIF B66582933 i domiciliada a PASSEIG DE GR\u00c0CIA, 88 &#8211; 2\u00ba 1\u00aa 08008 BARCELONA (BARCELONA).<\/p>\n<p>La finalitat de la web \u00e9s mostrar la seva oferta immobili\u00e0ria i oferir serveis en gesti\u00f3 patrimonial.<\/p>\n<p>Pot contactar amb el propietari d&#8217;aquesta web a:<\/p>\n<ul>\n<li>Telef\u00f2nicament, al n\u00famero 93 487 27 00<\/li>\n<li>Per correu electr\u00f2nic, dirigint-se a info@aspri.es especificant en l&#8217;assumpte &#8220;Refer\u00e8ncia LOPD&#8221;<\/li>\n<li>Per correu ordinari, dirigint-se a ASPRI GABINET IMMOBILIARI S.L., PASSEIG DE GR\u00c0CIA, 88 &#8211; 2\u00ba 1\u00aa 08008 BARCELONA (BARCELONA)<\/li>\n<\/ul>\n<p>Per qualsevol aclariment no dubti contactar amb ASPRI GABINET IMMOBILIARI S.L.<\/p>\n<h2>Condicions d&#8217;\u00fas de la web<\/h2>\n<p>Les presents condicions d&#8217;\u00fas regulen l&#8217;acc\u00e9s a aquesta web per part dels clients de ASPRI GABINET IMMOBILIARI S.L. i altres usuaris d&#8217;Internet. Per navegar a aquesta web, l&#8217;usuari manifesta la seva acceptaci\u00f3 sense excepcions de les presents condicions d&#8217;\u00fas.<\/p>\n<p>ASPRI GABINET IMMOBILIARI S.L. es reserva el dret unilateral de modificar les presents condicions d&#8217;acc\u00e9s a la web, aix\u00ed com els continguts inclosos.<\/p>\n<h3>Limitaci\u00f3 i exclusi\u00f3 de responsabilitat<\/h3>\n<p>El contingut d&#8217;aquesta web \u00e9s de car\u00e0cter general i t\u00e9 una finalitat i efectes exclusivament informatius. ASPRI GABINET IMMOBILIARI S.L. no accepta responsabilitat sobre qualsevol informaci\u00f3 no elaborada per ella o publicada al seu nom sense la seva autoritzaci\u00f3, aix\u00ed com responsabilitat derivada de la mala utilitzaci\u00f3 per tercers dels continguts.<\/p>\n<p>L&#8217;usuari eximeix ASPRI GABINET IMMOBILIARI S.L. de qualsevol responsabilitat que pogu\u00e9s derivar-se de les interrupcions de disponibilitat de la p\u00e0gina web, ja sigui per mal funcionament del servidor web o de les aplicacions, de les infraestructures de comunicacions o del software i hardware utilitzats per a la navegaci\u00f3.<\/p>\n<p>En cas d&#8217;incloure enlla\u00e7os a d&#8217;altres p\u00e0gines web, ASPRI GABINET IMMOBILIARI S.L. declina qualsevol responsabilitat relacionada amb els accessos als mateixos.<\/p>\n<h3>Propietat intel\u00b7lectual i industrial<\/h3>\n<p>La totalitat d&#8217;aquesta web est\u00e0 protegida per les lleis de propietat Intel\u00b7lectual i Industrial. Tret que s&#8217;indiqui el contrari, els drets de propietat intel\u00b7lectual respecte dels continguts corresponen en exclusiva a ASPRI GABINET IMMOBILIARI S.L.. L&#8217;usuari reconeix que l&#8217;\u00fas dels continguts es limitar\u00e0 estrictament a finalitats particulars del propi usuari i que la reproducci\u00f3, distribuci\u00f3, comunicaci\u00f3 o transformaci\u00f3 no expressament autoritzada dels continguts mencionats constituiria una infracci\u00f3 dels drets de propietat intel\u00b7lectual.<\/p>\n<p>Aix\u00ed mateix, l&#8217;usuari s&#8217;abstindr\u00e0 d&#8217;aplicar els continguts i principalment la informaci\u00f3 de qualsevol tipus obtinguda mitjan\u00e7ant aquesta web per remetre publicitat o comunicacions amb finalitats de venda directa o de car\u00e0cter comercial; missatges no sol\u00b7licitats dirigits a una pluralitat de persones amb independ\u00e8ncia de la seva finalitat. Tamb\u00e9 s&#8217;abstindr\u00e0 de divulgar de qualsevol manera aquesta informaci\u00f3<\/p>\n<p>www.aspri.es \u00e9s un domini de ASPRI GABINET IMMOBILIARI S.L.. No pot ser utilitzat, tret autoritzaci\u00f3 pr\u00e8via i expressa, en connexi\u00f3 amb altres productes o serveis que no siguin propietat de ASPRI GABINET IMMOBILIARI S.L. de cap manera que pugui causar confusi\u00f3 entre els nostres clients o descr\u00e8dit de ASPRI GABINET IMMOBILIARI S.L..<\/p>\n<h3>Pol\u00edtica per a enlla\u00e7ar a aquesta web<\/h3>\n<p>Si qualsevol usuari, entitat o p\u00e0gina web desitg\u00e9s establir algun tipus d&#8217;enlla\u00e7 amb destinaci\u00f3 a aquesta web haur\u00e0 de sol\u00b7licitar autoritzaci\u00f3 pr\u00e8via a la realitzaci\u00f3 de l&#8217;enlla\u00e7 i per escrit.<\/p>\n<p>A m\u00e9s, nom\u00e9s es permet enlla\u00e7ar a la p\u00e0gina d&#8217;inici de la web. L&#8217;enlla\u00e7 ha de ser en la seva totalitat i complet, \u00e9s a dir, ha de portar a l&#8217;usuari a la pr\u00f2pia adre\u00e7a de ASPRI GABINET IMMOBILIARI S.L. abarcant completament l&#8217;extensi\u00f3 de la pantalla de la p\u00e0gina que cont\u00e9 l&#8217;enlla\u00e7. En cap cas, excepte autoritzaci\u00f3 expressa i per escrit de ASPRI GABINET IMMOBILIARI S.L., la p\u00e0gina que en realitzi l&#8217;enlla\u00e7 en cap moment podr\u00e0 reproduir la web ASPRI GABINET IMMOBILIARI S.L., ni incloure-la com a part del seu web ni dins d&#8217;un dels seus marcs sobre qualsevol de les p\u00e0gines o continguts de la present web.<\/p>\n<p>No s&#8217;inclour\u00e0 cap manifestaci\u00f3 falsa, inexacta o incorrecta sobre les p\u00e0gines d&#8217;aquesta web o els serveis que en ella s&#8217;ofereixen.<\/p>\n<p>L&#8217;enlla\u00e7 no contindr\u00e0 cap marca, nom comercial, r\u00e8tol d&#8217;establiment, denominaci\u00f3, logotip, esl\u00f2gan o altres signes distintius pertanyents a ASPRI GABINET IMMOBILIARI S.L.<\/p>\n<p>En cap circumst\u00e0ncia ASPRI GABINET IMMOBILIARI S.L. no ser\u00e0 responsable dels continguts o serveis posats a la disposici\u00f3 del p\u00fablic a la p\u00e0gina web des de la qual es realitzi l&#8217;enlla\u00e7 ni de les informacions o manifestacions incloses en les mateixes.<\/p>\n<h3>Protecci\u00f3 de dades personals<\/h3>\n<p>La utilitzaci\u00f3 d&#8217;aquesta web i dels seus formularis requereix l&#8217;acceptaci\u00f3 del tractament de les dades de l&#8217;usuari conforme a la nostra <a href=\"https:\/\/aspri.es\/ca\/politica-de-privacitat\/\">pol\u00edtica de privacitat<\/a>, incloent la recopilaci\u00f3 de dades d&#8217;acc\u00e9s i l&#8217;enviament d&#8217;informaci\u00f3 comercial per via electr\u00f2nica.<\/p>\n<p>Llegeixi detingudament la nostra <a href=\"https:\/\/aspri.es\/ca\/politica-de-privacitat\/\">pol\u00edtica de privacitat<\/a> per con\u00e8ixer com el titular de la present web en fa \u00fas de les dades dels usuaris i com exercir els drets d&#8217;acc\u00e9s, rectificaci\u00f3, cancel\u00b7laci\u00f3 i oposici\u00f3.<\/p>\n<h3>Cookies<\/h3>\n<p>Aquesta web utilitza cookies pr\u00f2pies i de tercers per a diverses finalitats incloent anal\u00edtiques i publicit\u00e0ries adaptades als interessos de l&#8217;usuari. Visualitzar aquesta web amb les cookies activades al navegador implica l&#8217;acceptaci\u00f3 del seu tractament conforme a la nostra <a href=\"https:\/\/aspri.es\/ca\/politica-de-cookies\/\">pol\u00edtica de cookies<\/a>.<\/p>\n<p>Llegeixi detingudament la nostra pol\u00edtica de cookies per con\u00e8ixer les tipologies de cookies emprades, i com bloquejar-les o esborrar-les al seu navegador.<\/p>\n<h3>Prevalen\u00e7a de la versi\u00f3 espanyola<\/h3>\n<p>En cas que es tradueixi aquest av\u00eds legal a d&#8217;altres idiomes, quan existeixi alguna discrep\u00e0ncia, la versi\u00f3 espanyola prevaldr\u00e0.<\/p>\n<h3>Legislaci\u00f3 i Jurisdicci\u00f3 aplicable<\/h3>\n<p>El present Av\u00eds Legal aix\u00ed com les relacions entre ASPRI GABINET IMMOBILIARI S.L. i els usuaris es regiran per la normativa espanyola vigent i qualsevol controv\u00e8rsia se sotmetr\u00e0 als Jutjats i Tribunals de BARCELONA, excepte en el cas de consumidors i usuaris on s&#8217;aplicar\u00e0 el fur imperatiu dels jutjats que corresponguin al seu domicili.<\/p>\n<p>&nbsp;<\/p>\n<p>\u00a9 2015 ASPRI GABINET IMMOBILIARI S.L.<\/p>\n","protected":false},"excerpt":{"rendered":"<p>Titularitat de la web i les dades de contacte www.aspri.es \u00e9s un domini d&#8217;internet que t\u00e9 com a propietari ASPRI GABINET IMMOBILIARI S.L. inscrita dins el Registre Mercantil de Barcelona, amb CIF B66582933 i domiciliada a PASSEIG DE GR\u00c0CIA, 88 &#8211; 2\u00ba 1\u00aa 08008 BARCELONA (BARCELONA). La finalitat de la web \u00e9s mostrar la seva [&hellip;]<\/p>\n","protected":false},"author":2,"featured_media":0,"parent":0,"menu_order":0,"comment_status":"closed","ping_status":"closed","template":"template-full-width.php","meta":{"_monsterinsights_skip_tracking":false,"_monsterinsights_sitenote_active":false,"_monsterinsights_sitenote_note":"","_monsterinsights_sitenote_category":0,"footnotes":""},"class_list":["post-757","page","type-page","status-publish","hentry"],"yoast_head":"<!-- This site is optimized with the Yoast SEO plugin v27.1.1 - https:\/\/yoast.com\/product\/yoast-seo-wordpress\/ -->\n<title>Av\u00eds Legal | Aspri<\/title>\n<meta name=\"robots\" content=\"noindex, follow\" \/>\n<meta property=\"og:locale\" content=\"ca_ES\" \/>\n<meta property=\"og:type\" content=\"article\" \/>\n<meta property=\"og:title\" content=\"Av\u00eds Legal | Aspri\" \/>\n<meta property=\"og:description\" content=\"Titularitat de la web i les dades de contacte www.aspri.es \u00e9s un domini d&#8217;internet que t\u00e9 com a propietari ASPRI GABINET IMMOBILIARI S.L. inscrita dins el Registre Mercantil de Barcelona, amb CIF B66582933 i domiciliada a PASSEIG DE GR\u00c0CIA, 88 &#8211; 2\u00ba 1\u00aa 08008 BARCELONA (BARCELONA). La finalitat de la web \u00e9s mostrar la seva [&hellip;]\" \/>\n<meta property=\"og:url\" content=\"https:\/\/aspri.es\/ca\/avis-legal\/\" \/>\n<meta property=\"og:site_name\" content=\"Aspri\" \/>\n<meta property=\"article:modified_time\" content=\"2018-03-09T11:30:11+00:00\" \/>\n<meta name=\"twitter:card\" content=\"summary_large_image\" \/>\n<meta name=\"twitter:label1\" content=\"Temps estimat de lectura\" \/>\n\t<meta name=\"twitter:data1\" content=\"5 minuts\" \/>\n<script type=\"application\/ld+json\" class=\"yoast-schema-graph\">{\"@context\":\"https:\/\/schema.org\",\"@graph\":[{\"@type\":\"WebPage\",\"@id\":\"https:\/\/aspri.es\/ca\/avis-legal\/\",\"url\":\"https:\/\/aspri.es\/ca\/avis-legal\/\",\"name\":\"Av\u00eds Legal | Aspri\",\"isPartOf\":{\"@id\":\"https:\/\/aspri.es\/#website\"},\"datePublished\":\"2015-10-19T10:26:01+00:00\",\"dateModified\":\"2018-03-09T11:30:11+00:00\",\"breadcrumb\":{\"@id\":\"https:\/\/aspri.es\/ca\/avis-legal\/#breadcrumb\"},\"inLanguage\":\"ca\",\"potentialAction\":[{\"@type\":\"ReadAction\",\"target\":[\"https:\/\/aspri.es\/ca\/avis-legal\/\"]}]},{\"@type\":\"BreadcrumbList\",\"@id\":\"https:\/\/aspri.es\/ca\/avis-legal\/#breadcrumb\",\"itemListElement\":[{\"@type\":\"ListItem\",\"position\":1,\"name\":\"Home\",\"item\":\"https:\/\/aspri.es\/ca\/\"},{\"@type\":\"ListItem\",\"position\":2,\"name\":\"Av\u00eds Legal\"}]},{\"@type\":\"WebSite\",\"@id\":\"https:\/\/aspri.es\/#website\",\"url\":\"https:\/\/aspri.es\/\",\"name\":\"Aspri\",\"description\":\"Otro sitio realizado con WordPress\",\"potentialAction\":[{\"@type\":\"SearchAction\",\"target\":{\"@type\":\"EntryPoint\",\"urlTemplate\":\"https:\/\/aspri.es\/?s={search_term_string}\"},\"query-input\":{\"@type\":\"PropertyValueSpecification\",\"valueRequired\":true,\"valueName\":\"search_term_string\"}}],\"inLanguage\":\"ca\"}]}<\/script>\n<!-- \/ Yoast SEO plugin. -->","yoast_head_json":{"title":"Av\u00eds Legal | Aspri","robots":{"index":"noindex","follow":"follow"},"og_locale":"ca_ES","og_type":"article","og_title":"Av\u00eds Legal | Aspri","og_description":"Titularitat de la web i les dades de contacte www.aspri.es \u00e9s un domini d&#8217;internet que t\u00e9 com a propietari ASPRI GABINET IMMOBILIARI S.L. inscrita dins el Registre Mercantil de Barcelona, amb CIF B66582933 i domiciliada a PASSEIG DE GR\u00c0CIA, 88 &#8211; 2\u00ba 1\u00aa 08008 BARCELONA (BARCELONA). La finalitat de la web \u00e9s mostrar la seva [&hellip;]","og_url":"https:\/\/aspri.es\/ca\/avis-legal\/","og_site_name":"Aspri","article_modified_time":"2018-03-09T11:30:11+00:00","twitter_card":"summary_large_image","twitter_misc":{"Temps estimat de lectura":"5 minuts"},"schema":{"@context":"https:\/\/schema.org","@graph":[{"@type":"WebPage","@id":"https:\/\/aspri.es\/ca\/avis-legal\/","url":"https:\/\/aspri.es\/ca\/avis-legal\/","name":"Av\u00eds Legal | Aspri","isPartOf":{"@id":"https:\/\/aspri.es\/#website"},"datePublished":"2015-10-19T10:26:01+00:00","dateModified":"2018-03-09T11:30:11+00:00","breadcrumb":{"@id":"https:\/\/aspri.es\/ca\/avis-legal\/#breadcrumb"},"inLanguage":"ca","potentialAction":[{"@type":"ReadAction","target":["https:\/\/aspri.es\/ca\/avis-legal\/"]}]},{"@type":"BreadcrumbList","@id":"https:\/\/aspri.es\/ca\/avis-legal\/#breadcrumb","itemListElement":[{"@type":"ListItem","position":1,"name":"Home","item":"https:\/\/aspri.es\/ca\/"},{"@type":"ListItem","position":2,"name":"Av\u00eds Legal"}]},{"@type":"WebSite","@id":"https:\/\/aspri.es\/#website","url":"https:\/\/aspri.es\/","name":"Aspri","description":"Otro sitio realizado con WordPress","potentialAction":[{"@type":"SearchAction","target":{"@type":"EntryPoint","urlTemplate":"https:\/\/aspri.es\/?s={search_term_string}"},"query-input":{"@type":"PropertyValueSpecification","valueRequired":true,"valueName":"search_term_string"}}],"inLanguage":"ca"}]}},"_links":{"self":[{"href":"https:\/\/aspri.es\/ca\/wp-json\/wp\/v2\/pages\/757\/"}],"collection":[{"href":"https:\/\/aspri.es\/ca\/wp-json\/wp\/v2\/pages\/"}],"about":[{"href":"https:\/\/aspri.es\/ca\/wp-json\/wp\/v2\/types\/page\/"}],"author":[{"embeddable":true,"href":"https:\/\/aspri.es\/ca\/wp-json\/wp\/v2\/users\/2\/"}],"replies":[{"embeddable":true,"href":"https:\/\/aspri.es\/ca\/wp-json\/wp\/v2\/comments\/?post=757"}],"version-history":[{"count":2,"href":"https:\/\/aspri.es\/ca\/wp-json\/wp\/v2\/pages\/757\/revisions\/"}],"predecessor-version":[{"id":1761,"href":"https:\/\/aspri.es\/ca\/wp-json\/wp\/v2\/pages\/757\/revisions\/1761\/"}],"wp:attachment":[{"href":"https:\/\/aspri.es\/ca\/wp-json\/wp\/v2\/media\/?parent=757"}],"curies":[{"name":"wp","href":"https:\/\/api.w.org\/{rel}","templated":true}]}}