{"id":749,"date":"2015-10-19T12:26:15","date_gmt":"2015-10-19T10:26:15","guid":{"rendered":"https:\/\/aspri.es\/ca\/politica-de-privacidad\/"},"modified":"2021-03-25T13:25:15","modified_gmt":"2021-03-25T12:25:15","slug":"politica-de-privacitat","status":"publish","type":"page","link":"https:\/\/aspri.es\/ca\/politica-de-privacitat\/","title":{"rendered":"Pol\u00edtica de privacitat"},"content":{"rendered":"<p><span style=\"font-weight: 400;\">La utilitzaci\u00f3 d&#8217;aquesta web i dels seus formularis requereix l&#8217;acceptaci\u00f3 del tractament de les dades de l&#8217;usuari d&#8217;acord amb aquesta pol\u00edtica de privacitat, incloent la recopilaci\u00f3 de dades d&#8217;acc\u00e9s i l&#8217;enviament d&#8217;informaci\u00f3 comercial per via electr\u00f2nica.<\/span><\/p>\n<h3><b>Responsable del tractament de les dades i informaci\u00f3 de contacte<\/b><\/h3>\n<p><span style=\"font-weight: 400;\">El responsable \u00e9s: ASPRI GABINET IMMOBILIARI, S.L.<\/span><\/p>\n<p><span style=\"font-weight: 400;\">Adre\u00e7a: Rambla Catalunya 67 2-2 08007 BARCELONA<\/span><\/p>\n<p><span style=\"font-weight: 400;\">Dades de contacte del responsable: 93 487 27 00\u00a0 email <\/span><a href=\"mailto:info@aspri.es\"><span style=\"font-weight: 400;\">info@aspri.es<\/span><\/a><span style=\"font-weight: 400;\">\u00a0<\/span><\/p>\n<h3><b>Finalitat del tractament de les dades<\/b><\/h3>\n<p><span style=\"font-weight: 400;\">Les dades es tracten amb l&#8217;objectiu de proporcionar acc\u00e9s als continguts en l\u00ednia de la web aix\u00ed com atendre les sol\u00b7licituds dels usuaris del web, portar un registre de visites (adreces IP, dades del navegador, pa\u00eds, p\u00e0gina accedida, etc.) a efectes estad\u00edstics, aplicar mesures encaminades a la seguretat de la web, i en el seu cas l&#8217;enviament d&#8217;informaci\u00f3 comercial sobre els nostres productes i serveis per via electr\u00f2nica.<\/span><\/p>\n<p><span style=\"font-weight: 400;\">En cas d&#8217;emplenar algun dels formularis ser\u00e0 necessari facilitar determinades dades personals, les quals es tractaran per a la finalitat per a la qual es sol\u00b7liciten.<\/span><\/p>\n<h3><b>Legitimaci\u00f3<\/b><\/h3>\n<p><span style=\"font-weight: 400;\">Les dades es tracten sobre la base del consentiment de l&#8217;usuari, compliment d&#8217;obligacions legals i, al seu cas ,execuci\u00f3 d&#8217;un contracte o pre-contracte.<\/span><\/p>\n<h3><b>Destinataris i transfer\u00e8ncies<\/b><\/h3>\n<p><span style=\"font-weight: 400;\">Destinataris: ASPRI GABINET IMMOBILIARI, S.L.\u00a0<\/span><\/p>\n<p><span style=\"font-weight: 400;\">No es preveu la transfer\u00e8ncia internacional (fora de l&#8217;Espai Econ\u00f2mic Europeu), excepte amb fins d&#8217;emmagatzematge, i en tot cas sobre la base de l&#8217;exist\u00e8ncia d&#8217;una decisi\u00f3 d&#8217;adequaci\u00f3 o d&#8217;acord amb la exist\u00e8ncia de garanties adequades.\u00a0<\/span><\/p>\n<h3><b>Termini de conservaci\u00f3 de les dades<\/b><\/h3>\n<p><span style=\"font-weight: 400;\">Almenys durant els terminis establerts per la legislaci\u00f3 aplicable i en tot cas mentre es mantingui la vig\u00e8ncia del consentiment<\/span><\/p>\n<h3><b>Drets de les persones<\/b><\/h3>\n<p><span style=\"font-weight: 400;\">Els afectats tenen dret a: accedir, rectificar i suprimir les seves dades; sol\u00b7licitar la portabilitat de les seves dades; oposar-se al tractament o sol\u00b7licitar la seva limitaci\u00f3; retirar el consentiment prestat, si \u00e9s el cas.<\/span><\/p>\n<p><span style=\"font-weight: 400;\">Per aquest fi poden enviar la seva sol\u00b7licitud per escrit o correu electr\u00f2nic a l&#8217;adre\u00e7a del responsable, incloent la refer\u00e8ncia &#8220;Protecci\u00f3 de dades&#8221;.<\/span><\/p>\n<p><span style=\"font-weight: 400;\">Per facilitar la identificaci\u00f3, recomanem que el titular de les dades adjunti a la sol\u00b7licitud la c\u00f2pia del DNI\/passaport.<\/span><\/p>\n<p><span style=\"font-weight: 400;\">Els afectats tamb\u00e9 poden realitzar una reclamaci\u00f3 davant l&#8217;Autoritat de Control de protecci\u00f3 de dades.<\/span><\/p>\n<h3><b>Veracitat i actualitzaci\u00f3 de les dades<\/b><\/h3>\n<p><span style=\"font-weight: 400;\">L&#8217;usuari ha d&#8217;emplenar els formularis amb dades reals, exactes, completes i actuals. L&#8217;usuari no introduir\u00e0 dades corresponents a una altra persona; entendr\u00e0 que les dades han estat facilitades pel els seus titulars. L&#8217;usuari ser\u00e0 l&#8217;\u00fanic responsable de qualsevol perjudici, directe o indirecte, que pogu\u00e9s ocasionar a qualsevol persona a causa de l&#8217;emplenament del formulari amb dades falses, inexactes, incompletes, no actualitzades o relatives a una altra persona.<\/span><\/p>\n<p><span style=\"font-weight: 400;\">L&#8217;usuari haur\u00e0 de comunicar qualsevol modificaci\u00f3 en les dades proporcionades amb la finalitat de mantenir les seves dades degudament actualitzades.<\/span><\/p>\n<h3><b>Seguretat de la informaci\u00f3<\/b><\/h3>\n<p><span style=\"font-weight: 400;\">ha pres totes les mesures legalment requerides per a la protecci\u00f3 de dades personals; aix\u00ed mateix, ha adoptat tots els dispositius t\u00e8cnics al seu abast per evitar la p\u00e8rdua, el mal \u00fas, l&#8217;alteraci\u00f3, l&#8217;acc\u00e9s o el robatori de les dades personals facilitades pels usuaris de la web. L&#8217;usuari tindr\u00e0 en compte, no obstant aix\u00f2, que les mesures de seguretat a Internet no s\u00f3n absolutament inviolables.<\/span><\/p>\n<h3><b>Menors d&#8217;edat<\/b><\/h3>\n<p><span style=\"font-weight: 400;\">prohibeix l&#8217;\u00fas dels seus serveis web als usuaris menors de catorze anys, excepte consentiment expr\u00e9s dels seus pares o tutors.<\/span><\/p>\n<p><span style=\"font-weight: 400;\">En cap cas el menor podr\u00e0 facilitar dades a que permetin obtenir informaci\u00f3 sobre els membres del grup familiar, o sobre les caracter\u00edstiques del mateix, tal i com dades relatives a l&#8217;activitat professional dels progenitors, informaci\u00f3 econ\u00f2mica, dades sociol\u00f2giques o qualsevol altre, sense el consentiment del titular de tals dades.<\/span><\/p>\n<h3><b>Anal\u00edtiques Web<\/b><\/h3>\n<p><span style=\"font-weight: 400;\">Aquesta web utilitza diverses anal\u00edtiques per con\u00e8ixer la manera en qu\u00e8 \u00e9s buscada, accedida i utilitzada pel p\u00fablic. Aquestes anal\u00edtiques poden implicar la recopilaci\u00f3 de dades de car\u00e0cter personal com per exemple l&#8217;adre\u00e7a IP, la localitzaci\u00f3 de la connexi\u00f3, la informaci\u00f3 sobre el software o hardware de navegaci\u00f3. Aquesta informaci\u00f3 no s&#8217;associa als usuaris i s&#8217;utilitza amb la finalitat exclusiva d&#8217;obtenir dades estad\u00edstiques sobre l&#8217;\u00fas de la web de l&#8217;empresa.<\/span><\/p>\n<h3><b>Utilitzaci\u00f3 de funcions i complements de tercers<\/b><\/h3>\n<p><span style=\"font-weight: 400;\">Aquesta web pot incorporar funcions i complements proporcionats per tercers per a diverses finalitats, com per exemple: anal\u00edtiques web de tercers; mapes de tercers; v\u00eddeos de tercers; compartici\u00f3 a xarxes socials; etc.<\/span><\/p>\n<p><span style=\"font-weight: 400;\">Una funci\u00f3 o complement d&#8217;un tercer estableix una connexi\u00f3 directa entre el navegador de l&#8217;usuari i els dominis d&#8217;Internet controlats pel tercer, permetent la desc\u00e0rrega i execuci\u00f3 de la funci\u00f3.<\/span><\/p>\n<p><span style=\"font-weight: 400;\">Aix\u00ed la majoria de complements de tercers recopilen qu\u00e8 p\u00e0gines visiten els usuaris per con\u00e8ixer els seus interessos i poder oferir posteriorment publicitat adaptada als mateixos.<\/span><\/p>\n<h3><b>Utilitzaci\u00f3 de la funci\u00f3 Google Analytics proporcionadaper Google, Inc.<\/b><\/h3>\n<p><span style=\"font-weight: 400;\">Aquesta web integra funcions anal\u00edtiques de Google Inc (1600 AMPHITHEATRE PARKWAY, MOUNTAIN VIEW, CALIF\u00d2RNIA, USA) per con\u00e8ixer la manera en qu\u00e8 \u00e9s buscada, accedida i utilitzada pels usuaris. Per a aix\u00f2, en usar aquesta web el navegador de l&#8217;usuari estableix una connexi\u00f3 directa amb els servidors del domini d&#8217;Internet google.com i altres dominis de Google. Aix\u00f2 permet a Google registrar l&#8217;activitat de l&#8217;usuari aix\u00ed com informaci\u00f3 relativa a la seva adre\u00e7a IP. Google Analytics fa \u00fas de cookies persistents per elaborar estad\u00edstiques an\u00f2nimes sobre l&#8217;\u00fas d&#8217;aquesta web, conforme a la seg\u00fcent pol\u00edtica de privacitat: https:\/\/www.google.com\/analytics\/learn\/privacy.html?hl=ca. En utilitzar aquesta web l&#8217;usuari d\u00f3na el consentiment per al tractament de les seves dades a Google per a les finalitats indicades.<\/span><\/p>\n<h3><b>Utilitzaci\u00f3 de funcions proporcionades per Google, Inc.<\/b><\/h3>\n<p><span style=\"font-weight: 400;\">Aquesta web integra funcions de Google Inc (1600 AMPHITHEATRE PARKWAY, MOUNTAIN VIEW, CALIF\u00d2RNIA, USA) com per exemple v\u00eddeos de Youtube, mapes i botons &#8220;+1&#8221;. Per aquesta ra\u00f3 en utilitzar la web el navegador de l&#8217;usuari estableix una connexi\u00f3 directa amb els servidors del domini d&#8217;Internet google.com i altres dominis de Google. Aix\u00f2 permet a Google con\u00e8ixer que l&#8217;usuari ha visitat la web des de la seva adre\u00e7a IP. Google fa \u00fas de cookies persistents, emmagatzematge local i emmagatzematge local de Flaix en el dispositiu de l&#8217;usuari, per a diverses finalitats incloent la recopilaci\u00f3 de l&#8217;activitat de l&#8217;usuari en Internet per oferir-li publicitat adaptada als seus interessos, conforme a les seves pol\u00edtiques de privacitat: http:\/\/www.google.es\/intl\/es\/policies\/privacy\/. En utilitzar aquesta web l&#8217;usuari d\u00f3na el consentiment per al tractament de les seves dades a Google per a les finalitats indicades.<\/span><\/p>\n","protected":false},"excerpt":{"rendered":"<p>La utilitzaci\u00f3 d&#8217;aquesta web i dels seus formularis requereix l&#8217;acceptaci\u00f3 del tractament de les dades de l&#8217;usuari d&#8217;acord amb aquesta pol\u00edtica de privacitat, incloent la recopilaci\u00f3 de dades d&#8217;acc\u00e9s i l&#8217;enviament d&#8217;informaci\u00f3 comercial per via electr\u00f2nica. Responsable del tractament de les dades i informaci\u00f3 de contacte El responsable \u00e9s: ASPRI GABINET IMMOBILIARI, S.L. Adre\u00e7a: Rambla [&hellip;]<\/p>\n","protected":false},"author":2,"featured_media":0,"parent":0,"menu_order":0,"comment_status":"closed","ping_status":"closed","template":"template-full-width.php","meta":{"_monsterinsights_skip_tracking":false,"_monsterinsights_sitenote_active":false,"_monsterinsights_sitenote_note":"","_monsterinsights_sitenote_category":0,"footnotes":""},"class_list":["post-749","page","type-page","status-publish","hentry"],"yoast_head":"<!-- This site is optimized with the Yoast SEO plugin v27.1.1 - https:\/\/yoast.com\/product\/yoast-seo-wordpress\/ -->\n<title>Pol\u00edtica de privacitat | Aspri<\/title>\n<meta name=\"robots\" content=\"noindex, follow\" \/>\n<meta property=\"og:locale\" content=\"ca_ES\" \/>\n<meta property=\"og:type\" content=\"article\" \/>\n<meta property=\"og:title\" content=\"Pol\u00edtica de privacitat | Aspri\" \/>\n<meta property=\"og:description\" content=\"La utilitzaci\u00f3 d&#8217;aquesta web i dels seus formularis requereix l&#8217;acceptaci\u00f3 del tractament de les dades de l&#8217;usuari d&#8217;acord amb aquesta pol\u00edtica de privacitat, incloent la recopilaci\u00f3 de dades d&#8217;acc\u00e9s i l&#8217;enviament d&#8217;informaci\u00f3 comercial per via electr\u00f2nica. Responsable del tractament de les dades i informaci\u00f3 de contacte El responsable \u00e9s: ASPRI GABINET IMMOBILIARI, S.L. Adre\u00e7a: Rambla [&hellip;]\" \/>\n<meta property=\"og:url\" content=\"https:\/\/aspri.es\/ca\/politica-de-privacitat\/\" \/>\n<meta property=\"og:site_name\" content=\"Aspri\" \/>\n<meta property=\"article:modified_time\" content=\"2021-03-25T12:25:15+00:00\" \/>\n<meta name=\"twitter:card\" content=\"summary_large_image\" \/>\n<meta name=\"twitter:label1\" content=\"Temps estimat de lectura\" \/>\n\t<meta name=\"twitter:data1\" content=\"5 minuts\" \/>\n<script type=\"application\/ld+json\" class=\"yoast-schema-graph\">{\"@context\":\"https:\/\/schema.org\",\"@graph\":[{\"@type\":\"WebPage\",\"@id\":\"https:\/\/aspri.es\/ca\/politica-de-privacitat\/\",\"url\":\"https:\/\/aspri.es\/ca\/politica-de-privacitat\/\",\"name\":\"Pol\u00edtica de privacitat | Aspri\",\"isPartOf\":{\"@id\":\"https:\/\/aspri.es\/#website\"},\"datePublished\":\"2015-10-19T10:26:15+00:00\",\"dateModified\":\"2021-03-25T12:25:15+00:00\",\"breadcrumb\":{\"@id\":\"https:\/\/aspri.es\/ca\/politica-de-privacitat\/#breadcrumb\"},\"inLanguage\":\"ca\",\"potentialAction\":[{\"@type\":\"ReadAction\",\"target\":[\"https:\/\/aspri.es\/ca\/politica-de-privacitat\/\"]}]},{\"@type\":\"BreadcrumbList\",\"@id\":\"https:\/\/aspri.es\/ca\/politica-de-privacitat\/#breadcrumb\",\"itemListElement\":[{\"@type\":\"ListItem\",\"position\":1,\"name\":\"Home\",\"item\":\"https:\/\/aspri.es\/ca\/\"},{\"@type\":\"ListItem\",\"position\":2,\"name\":\"Pol\u00edtica de privacitat\"}]},{\"@type\":\"WebSite\",\"@id\":\"https:\/\/aspri.es\/#website\",\"url\":\"https:\/\/aspri.es\/\",\"name\":\"Aspri\",\"description\":\"Otro sitio realizado con WordPress\",\"potentialAction\":[{\"@type\":\"SearchAction\",\"target\":{\"@type\":\"EntryPoint\",\"urlTemplate\":\"https:\/\/aspri.es\/?s={search_term_string}\"},\"query-input\":{\"@type\":\"PropertyValueSpecification\",\"valueRequired\":true,\"valueName\":\"search_term_string\"}}],\"inLanguage\":\"ca\"}]}<\/script>\n<!-- \/ Yoast SEO plugin. -->","yoast_head_json":{"title":"Pol\u00edtica de privacitat | Aspri","robots":{"index":"noindex","follow":"follow"},"og_locale":"ca_ES","og_type":"article","og_title":"Pol\u00edtica de privacitat | Aspri","og_description":"La utilitzaci\u00f3 d&#8217;aquesta web i dels seus formularis requereix l&#8217;acceptaci\u00f3 del tractament de les dades de l&#8217;usuari d&#8217;acord amb aquesta pol\u00edtica de privacitat, incloent la recopilaci\u00f3 de dades d&#8217;acc\u00e9s i l&#8217;enviament d&#8217;informaci\u00f3 comercial per via electr\u00f2nica. Responsable del tractament de les dades i informaci\u00f3 de contacte El responsable \u00e9s: ASPRI GABINET IMMOBILIARI, S.L. Adre\u00e7a: Rambla [&hellip;]","og_url":"https:\/\/aspri.es\/ca\/politica-de-privacitat\/","og_site_name":"Aspri","article_modified_time":"2021-03-25T12:25:15+00:00","twitter_card":"summary_large_image","twitter_misc":{"Temps estimat de lectura":"5 minuts"},"schema":{"@context":"https:\/\/schema.org","@graph":[{"@type":"WebPage","@id":"https:\/\/aspri.es\/ca\/politica-de-privacitat\/","url":"https:\/\/aspri.es\/ca\/politica-de-privacitat\/","name":"Pol\u00edtica de privacitat | Aspri","isPartOf":{"@id":"https:\/\/aspri.es\/#website"},"datePublished":"2015-10-19T10:26:15+00:00","dateModified":"2021-03-25T12:25:15+00:00","breadcrumb":{"@id":"https:\/\/aspri.es\/ca\/politica-de-privacitat\/#breadcrumb"},"inLanguage":"ca","potentialAction":[{"@type":"ReadAction","target":["https:\/\/aspri.es\/ca\/politica-de-privacitat\/"]}]},{"@type":"BreadcrumbList","@id":"https:\/\/aspri.es\/ca\/politica-de-privacitat\/#breadcrumb","itemListElement":[{"@type":"ListItem","position":1,"name":"Home","item":"https:\/\/aspri.es\/ca\/"},{"@type":"ListItem","position":2,"name":"Pol\u00edtica de privacitat"}]},{"@type":"WebSite","@id":"https:\/\/aspri.es\/#website","url":"https:\/\/aspri.es\/","name":"Aspri","description":"Otro sitio realizado con WordPress","potentialAction":[{"@type":"SearchAction","target":{"@type":"EntryPoint","urlTemplate":"https:\/\/aspri.es\/?s={search_term_string}"},"query-input":{"@type":"PropertyValueSpecification","valueRequired":true,"valueName":"search_term_string"}}],"inLanguage":"ca"}]}},"_links":{"self":[{"href":"https:\/\/aspri.es\/ca\/wp-json\/wp\/v2\/pages\/749\/"}],"collection":[{"href":"https:\/\/aspri.es\/ca\/wp-json\/wp\/v2\/pages\/"}],"about":[{"href":"https:\/\/aspri.es\/ca\/wp-json\/wp\/v2\/types\/page\/"}],"author":[{"embeddable":true,"href":"https:\/\/aspri.es\/ca\/wp-json\/wp\/v2\/users\/2\/"}],"replies":[{"embeddable":true,"href":"https:\/\/aspri.es\/ca\/wp-json\/wp\/v2\/comments\/?post=749"}],"version-history":[{"count":4,"href":"https:\/\/aspri.es\/ca\/wp-json\/wp\/v2\/pages\/749\/revisions\/"}],"predecessor-version":[{"id":14434,"href":"https:\/\/aspri.es\/ca\/wp-json\/wp\/v2\/pages\/749\/revisions\/14434\/"}],"wp:attachment":[{"href":"https:\/\/aspri.es\/ca\/wp-json\/wp\/v2\/media\/?parent=749"}],"curies":[{"name":"wp","href":"https:\/\/api.w.org\/{rel}","templated":true}]}}