{"id":733,"date":"2015-09-17T16:44:45","date_gmt":"2015-09-17T16:44:45","guid":{"rendered":"https:\/\/aspri.es\/ca\/serveis\/gestion-de-patrimonios-en-barcelona\/"},"modified":"2018-03-09T12:30:13","modified_gmt":"2018-03-09T11:30:13","slug":"gestio-patrimonis-barcelona","status":"publish","type":"page","link":"https:\/\/aspri.es\/ca\/serveis\/gestio-patrimonis-barcelona\/","title":{"rendered":"Gesti\u00f3 de patrimonis a Barcelona"},"content":{"rendered":"<p>[vc_row el_class=&#8221;service_box_wrap&#8221;][vc_column width=&#8221;1\/6&#8243; css=&#8221;.vc_custom_1442578081905{margin-bottom: 20px !important;}&#8221;][vc_single_image image=&#8221;424&#8243; img_size=&#8221;full&#8221; alignment=&#8221;center&#8221; onclick=&#8221;custom_link&#8221; el_class=&#8221;inactive&#8221; link=&#8221;https:\/\/aspri.es\/ca\/serveis-dadministracio\/administracio-comunitats-barcelona\/&#8221;][\/vc_column][vc_column width=&#8221;1\/6&#8243; css=&#8221;.vc_custom_1442578086143{margin-bottom: 20px !important;}&#8221;][vc_single_image image=&#8221;422&#8243; img_size=&#8221;full&#8221; alignment=&#8221;center&#8221; onclick=&#8221;custom_link&#8221; el_class=&#8221;inactive&#8221; link=&#8221;https:\/\/aspri.es\/ca\/serveis-dadministracio\/administracio-lloguers-barcelona\/&#8221;][\/vc_column][vc_column width=&#8221;1\/6&#8243; css=&#8221;.vc_custom_1442578092942{margin-bottom: 20px !important;}&#8221;][vc_single_image image=&#8221;428&#8243; img_size=&#8221;full&#8221; alignment=&#8221;center&#8221;][\/vc_column][vc_column width=&#8221;1\/6&#8243; css=&#8221;.vc_custom_1442578112226{margin-bottom: 20px !important;}&#8221;][vc_single_image image=&#8221;430&#8243; img_size=&#8221;full&#8221; alignment=&#8221;center&#8221; onclick=&#8221;custom_link&#8221; el_class=&#8221;inactive&#8221; link=&#8221;https:\/\/aspri.es\/ca\/serveis\/venda-dimmobles-barcelona\/&#8221;][\/vc_column][vc_column width=&#8221;1\/6&#8243; el_class=&#8221;service_box_last&#8221; css=&#8221;.vc_custom_1446107264571{margin-bottom: 20px !important;}&#8221;][vc_single_image image=&#8221;426&#8243; img_size=&#8221;full&#8221; alignment=&#8221;center&#8221; onclick=&#8221;custom_link&#8221; el_class=&#8221;inactive&#8221; link=&#8221;https:\/\/aspri.es\/ca\/serveis\/assessoria-juridica-barcelona\/&#8221;][\/vc_column][vc_column width=&#8221;1\/6&#8243;][vc_column_text]<br \/>\n[\/vc_column_text][\/vc_column][\/vc_row][vc_row el_class=&#8221;color&#8221;][vc_column][vc_column_text]Portem m\u00e9s de 30 anys administrant els patrimonis immobiliaris dels nostres clients amb un objectiu molt clar: <strong>Ajudar-lo a obtenir la m\u00e0xima rendibilitat de les seves inversions <\/strong>immobili\u00e0ries, optimitzant la seva inversi\u00f3 mitjan\u00e7ant un seguiment constant i una gesti\u00f3 efica\u00e7.[\/vc_column_text][\/vc_column][\/vc_row][vc_row el_class=&#8221;color&#8221;][vc_column width=&#8221;1\/2&#8243;][vc_column_text]<\/p>\n<h3><strong>Gesti\u00f3 econ\u00f2mica i administrativa del immoble<\/strong><\/h3>\n<ul>\n<li>Gesti\u00f3 dels llogaters.<\/li>\n<li>Facturaci\u00f3 dels lloguers i seguiment de la morositat.<\/li>\n<li>Revisi\u00f3 dels lloguers i aplicaci\u00f3 dels increments pactats.<\/li>\n<li>Gesti\u00f3 i control de contractes, fiances i avals.<\/li>\n<li>Gesti\u00f3 de comunitats de bens i societats patrimonials.<\/li>\n<li>Gesti\u00f3 dels empleats de la finca (porter, jardiner, etc.)<\/li>\n<li>Informaci\u00f3 de dades econ\u00f2miques per a declaracions fiscals.<\/li>\n<li>Liquidacions mensuals d&#8217;ingressos i despeses<\/li>\n<\/ul>\n<p>[\/vc_column_text][vc_column_text]<\/p>\n<h3><strong>Gesti\u00f3 comercial i atenci\u00f3 al client<\/strong><\/h3>\n<ul>\n<li>Assist\u00e8ncia a les renuncies de contracte i revisi\u00f3 de l&#8217;habitatge.<\/li>\n<li>Cerca de nous llogaters.<\/li>\n<li>Comunicaci\u00f3 a la nostra cartera de clients potencials, col\u00b7laboradors i portals immobiliaris.<\/li>\n<li>Selecci\u00f3 detallada, revisi\u00f3 i garanties dels possibles llogaters.<\/li>\n<li>Realitzaci\u00f3, control i gesti\u00f3 dels contractes de lloguer.<\/li>\n<\/ul>\n<p>[\/vc_column_text][\/vc_column][vc_column width=&#8221;1\/2&#8243;][vc_column_text]<\/p>\n<h3><strong>Gesti\u00f3 t\u00e8cnica de l&#8217;immoble<\/strong><\/h3>\n<ul>\n<li>Revisi\u00f3 i resoluci\u00f3 d&#8217;incid\u00e8ncies.<\/li>\n<li>Assessoria t\u00e8cnica.<\/li>\n<li>Seguiment i control dels industrials contractats:\n<ul>\n<li>Gesti\u00f3 integral de la propietat<\/li>\n<li>Subministraments<\/li>\n<li>Manteniment preventiu<\/li>\n<li>Inspeccions t\u00e8cniques dels edificis (ITE)<\/li>\n<li>C\u00e8dules d&#8217;habitabilitat i certificats energ\u00e8tics<\/li>\n<\/ul>\n<\/li>\n<\/ul>\n<p>[\/vc_column_text][vc_column_text]<\/p>\n<h3><strong>Assessorament jur\u00eddic, tributari i laboral<\/strong><\/h3>\n<ul>\n<li>Assessoria laboral per a la gesti\u00f3 de n\u00f2mines a finques amb empleats.<\/li>\n<li>Assessoria fiscal, gesti\u00f3 de les liquidacions de IVA.<\/li>\n<li>Assessoria legal per a assessorament jur\u00eddic immobiliari i tr\u00e0mits e reclamacions i desnonaments.<\/li>\n<\/ul>\n<p>[\/vc_column_text][\/vc_column][\/vc_row][vc_row full_width=&#8221;stretch_row&#8221; el_class=&#8221;color&#8221; css=&#8221;.vc_custom_1444234519837{margin-bottom: 0px !important;padding-top: 30px !important;padding-bottom: 30px !important;background-color: #efefef !important;}&#8221;][vc_column][vc_column_text]<img loading=\"lazy\" decoding=\"async\" class=\"alignleft size-full wp-image-213\" src=\"https:\/\/aspri.es\/wp-content\/uploads\/2015\/10\/check.png\" alt=\"check\" width=\"50\" height=\"50\" \/><span style=\"line-height: 46px;\">Com a totes les nostres gestions, el nostre equip el mantindr\u00e0 informat del estat de les seves inversions.<\/span>[\/vc_column_text][\/vc_column][\/vc_row][vc_row full_width=&#8221;stretch_row&#8221; css=&#8221;.vc_custom_1447263479799{margin-bottom: 0px !important;background: #999999 url(https:\/\/aspri.es\/wp-content\/uploads\/2015\/10\/fondo-contacto.jpg?id=421) !important;}&#8221;][vc_column][vc_column_text el_class=&#8221;contactohome&#8221;]<\/p>\n<h2 style=\"text-align: center;\">Com podem ajudar-lo?<\/h2>\n<p style=\"text-align: center;\">Si desitja rebre m\u00e9s informaci\u00f3 o t\u00e9 qualsevol consulta, ompli el seg\u00fcent formulari i ens posarem en contacte amb vost\u00e8.<\/p>\n<p>[\/vc_column_text]\n<div class=\"wpcf7 no-js\" id=\"wpcf7-f718-o1\" lang=\"ca\" dir=\"ltr\" data-wpcf7-id=\"718\">\n<div class=\"screen-reader-response\"><p role=\"status\" aria-live=\"polite\" aria-atomic=\"true\"><\/p> <ul><\/ul><\/div>\n<form action=\"\/ca\/wp-json\/wp\/v2\/pages\/733#wpcf7-f718-o1\" method=\"post\" class=\"wpcf7-form init\" aria-label=\"Formulari de contacte\" novalidate=\"novalidate\" data-status=\"init\">\n<fieldset class=\"hidden-fields-container\"><input type=\"hidden\" name=\"_wpcf7\" value=\"718\" \/><input type=\"hidden\" name=\"_wpcf7_version\" value=\"6.1.5\" \/><input type=\"hidden\" name=\"_wpcf7_locale\" value=\"ca\" \/><input type=\"hidden\" name=\"_wpcf7_unit_tag\" value=\"wpcf7-f718-o1\" \/><input type=\"hidden\" name=\"_wpcf7_container_post\" value=\"0\" \/><input type=\"hidden\" name=\"_wpcf7_posted_data_hash\" value=\"\" \/><input type=\"hidden\" name=\"_wpcf7_recaptcha_response\" value=\"\" \/>\n<\/fieldset>\n<div style=\"float:left;width:32%;margin-right:2%;\">\n\t<p><span class=\"wpcf7-form-control-wrap\" data-name=\"your-name\"><input size=\"40\" maxlength=\"400\" class=\"wpcf7-form-control wpcf7-text wpcf7-validates-as-required\" aria-required=\"true\" aria-invalid=\"false\" placeholder=\"Nom*\" value=\"\" type=\"text\" name=\"your-name\" \/><\/span>\n\t<\/p>\n<\/div>\n<div style=\"float:left;width:32%;margin-right:2%;\">\n\t<p><span class=\"wpcf7-form-control-wrap\" data-name=\"your-email\"><input size=\"40\" maxlength=\"400\" class=\"wpcf7-form-control wpcf7-email wpcf7-validates-as-required wpcf7-text wpcf7-validates-as-email\" aria-required=\"true\" aria-invalid=\"false\" placeholder=\"E-mail*\" value=\"\" type=\"email\" name=\"your-email\" \/><\/span>\n\t<\/p>\n<\/div>\n<div style=\"float:left;width:32%;\">\n\t<p><span class=\"wpcf7-form-control-wrap\" data-name=\"tel-160\"><input size=\"40\" maxlength=\"400\" class=\"wpcf7-form-control wpcf7-tel wpcf7-text wpcf7-validates-as-tel\" aria-invalid=\"false\" placeholder=\"Tel\u00e8fon\" value=\"\" type=\"tel\" name=\"tel-160\" \/><\/span>\n\t<\/p>\n<\/div>\n<div style=\"clear:both;\">\n\t<p><span class=\"wpcf7-form-control-wrap\" data-name=\"your-subject\"><input size=\"40\" maxlength=\"400\" class=\"wpcf7-form-control wpcf7-text\" aria-invalid=\"false\" placeholder=\"Assumpte\" value=\"\" type=\"text\" name=\"your-subject\" \/><\/span>\n\t<\/p>\n<\/div>\n<div class=\"contacto\">\n\t<p><span class=\"wpcf7-form-control-wrap\" data-name=\"your-message\"><textarea cols=\"40\" rows=\"10\" maxlength=\"2000\" class=\"wpcf7-form-control wpcf7-textarea\" aria-invalid=\"false\" placeholder=\"Missatge\" name=\"your-message\"><\/textarea><\/span>\n\t<\/p>\n<\/div>\n<div style=\"float:left;color:#ffffff;\">\n\t<p><span class=\"wpcf7-form-control-wrap\" data-name=\"acceptance-949\"><span class=\"wpcf7-form-control wpcf7-acceptance\"><span class=\"wpcf7-list-item\"><input type=\"checkbox\" name=\"acceptance-949\" value=\"1\" aria-invalid=\"false\" \/><\/span><\/span><\/span> Accepto la <a style=\"color:#ffffff !important;\" href=\"https:\/\/aspri.es\/ca\/politica-de-privacitat\/\" title=\"P\u00e0gina de pol\u00edtica de privacitat\">pol\u00edtica de privacitat<\/a>\n\t<\/p>\n<\/div>\n<div style=\"text-align:right;\">\n\t<p><input class=\"wpcf7-form-control wpcf7-submit has-spinner\" type=\"submit\" value=\"Enviar\" \/>\n\t<\/p>\n<\/div><div class=\"wpcf7-response-output\" aria-hidden=\"true\"><\/div>\n<\/form>\n<\/div>\n[\/vc_column][\/vc_row]<\/p>\n","protected":false},"excerpt":{"rendered":"<p>[vc_row el_class=&#8221;service_box_wrap&#8221;][vc_column width=&#8221;1\/6&#8243; css=&#8221;.vc_custom_1442578081905{margin-bottom: 20px !important;}&#8221;][vc_single_image image=&#8221;424&#8243; img_size=&#8221;full&#8221; alignment=&#8221;center&#8221; onclick=&#8221;custom_link&#8221; el_class=&#8221;inactive&#8221; link=&#8221;https:\/\/aspri.es\/ca\/serveis-dadministracio\/administracio-comunitats-barcelona\/&#8221;][\/vc_column][vc_column width=&#8221;1\/6&#8243; css=&#8221;.vc_custom_1442578086143{margin-bottom: 20px !important;}&#8221;][vc_single_image image=&#8221;422&#8243; img_size=&#8221;full&#8221; alignment=&#8221;center&#8221; onclick=&#8221;custom_link&#8221; el_class=&#8221;inactive&#8221; link=&#8221;https:\/\/aspri.es\/ca\/serveis-dadministracio\/administracio-lloguers-barcelona\/&#8221;][\/vc_column][vc_column width=&#8221;1\/6&#8243; css=&#8221;.vc_custom_1442578092942{margin-bottom: 20px !important;}&#8221;][vc_single_image image=&#8221;428&#8243; img_size=&#8221;full&#8221; alignment=&#8221;center&#8221;][\/vc_column][vc_column width=&#8221;1\/6&#8243; css=&#8221;.vc_custom_1442578112226{margin-bottom: 20px !important;}&#8221;][vc_single_image image=&#8221;430&#8243; img_size=&#8221;full&#8221; alignment=&#8221;center&#8221; onclick=&#8221;custom_link&#8221; el_class=&#8221;inactive&#8221; link=&#8221;https:\/\/aspri.es\/ca\/serveis\/venda-dimmobles-barcelona\/&#8221;][\/vc_column][vc_column width=&#8221;1\/6&#8243; el_class=&#8221;service_box_last&#8221; css=&#8221;.vc_custom_1446107264571{margin-bottom: 20px !important;}&#8221;][vc_single_image image=&#8221;426&#8243; img_size=&#8221;full&#8221; alignment=&#8221;center&#8221; onclick=&#8221;custom_link&#8221; el_class=&#8221;inactive&#8221; link=&#8221;https:\/\/aspri.es\/ca\/serveis\/assessoria-juridica-barcelona\/&#8221;][\/vc_column][vc_column width=&#8221;1\/6&#8243;][vc_column_text] [\/vc_column_text][\/vc_column][\/vc_row][vc_row el_class=&#8221;color&#8221;][vc_column][vc_column_text]Portem m\u00e9s de [&hellip;]<\/p>\n","protected":false},"author":2,"featured_media":0,"parent":723,"menu_order":0,"comment_status":"closed","ping_status":"closed","template":"template-full-width.php","meta":{"_monsterinsights_skip_tracking":false,"_monsterinsights_sitenote_active":false,"_monsterinsights_sitenote_note":"","_monsterinsights_sitenote_category":0,"footnotes":""},"class_list":["post-733","page","type-page","status-publish","hentry"],"yoast_head":"<!-- This site is optimized with the Yoast SEO plugin v27.1.1 - https:\/\/yoast.com\/product\/yoast-seo-wordpress\/ -->\n<title>Gesti\u00f3 de patrimonis a Barcelona - Aspri<\/title>\n<meta name=\"description\" content=\"A Aspri portem m\u00e9s de 30 anys administrant patrimonis immobiliaris amb l&#039;objectiu d&#039;ajudar a obtenir la m\u00e0xima rendibilitat de les inversions immobili\u00e0ries.\" \/>\n<meta name=\"robots\" content=\"index, follow, max-snippet:-1, max-image-preview:large, max-video-preview:-1\" \/>\n<link rel=\"canonical\" href=\"https:\/\/aspri.es\/ca\/serveis\/gestio-patrimonis-barcelona\/\" \/>\n<meta property=\"og:locale\" content=\"ca_ES\" \/>\n<meta property=\"og:type\" content=\"article\" \/>\n<meta property=\"og:title\" content=\"Gesti\u00f3 de patrimonis a Barcelona - Aspri\" \/>\n<meta property=\"og:description\" content=\"A Aspri portem m\u00e9s de 30 anys administrant patrimonis immobiliaris amb l&#039;objectiu d&#039;ajudar a obtenir la m\u00e0xima rendibilitat de les inversions immobili\u00e0ries.\" \/>\n<meta property=\"og:url\" content=\"https:\/\/aspri.es\/ca\/serveis\/gestio-patrimonis-barcelona\/\" \/>\n<meta property=\"og:site_name\" content=\"Aspri\" \/>\n<meta property=\"article:modified_time\" content=\"2018-03-09T11:30:13+00:00\" \/>\n<meta property=\"og:image\" content=\"https:\/\/aspri.es\/wp-content\/uploads\/2015\/10\/check.png\" \/>\n<meta name=\"twitter:card\" content=\"summary_large_image\" \/>\n<meta name=\"twitter:label1\" content=\"Temps estimat de lectura\" \/>\n\t<meta name=\"twitter:data1\" content=\"3 minuts\" \/>\n<script type=\"application\/ld+json\" class=\"yoast-schema-graph\">{\"@context\":\"https:\/\/schema.org\",\"@graph\":[{\"@type\":\"WebPage\",\"@id\":\"https:\/\/aspri.es\/ca\/serveis\/gestio-patrimonis-barcelona\/\",\"url\":\"https:\/\/aspri.es\/ca\/serveis\/gestio-patrimonis-barcelona\/\",\"name\":\"Gesti\u00f3 de patrimonis a Barcelona - Aspri\",\"isPartOf\":{\"@id\":\"https:\/\/aspri.es\/#website\"},\"primaryImageOfPage\":{\"@id\":\"https:\/\/aspri.es\/ca\/serveis\/gestio-patrimonis-barcelona\/#primaryimage\"},\"image\":{\"@id\":\"https:\/\/aspri.es\/ca\/serveis\/gestio-patrimonis-barcelona\/#primaryimage\"},\"thumbnailUrl\":\"https:\/\/aspri.es\/wp-content\/uploads\/2015\/10\/check.png\",\"datePublished\":\"2015-09-17T16:44:45+00:00\",\"dateModified\":\"2018-03-09T11:30:13+00:00\",\"description\":\"A Aspri portem m\u00e9s de 30 anys administrant patrimonis immobiliaris amb l'objectiu d'ajudar a obtenir la m\u00e0xima rendibilitat de les inversions immobili\u00e0ries.\",\"breadcrumb\":{\"@id\":\"https:\/\/aspri.es\/ca\/serveis\/gestio-patrimonis-barcelona\/#breadcrumb\"},\"inLanguage\":\"ca\",\"potentialAction\":[{\"@type\":\"ReadAction\",\"target\":[\"https:\/\/aspri.es\/ca\/serveis\/gestio-patrimonis-barcelona\/\"]}]},{\"@type\":\"ImageObject\",\"inLanguage\":\"ca\",\"@id\":\"https:\/\/aspri.es\/ca\/serveis\/gestio-patrimonis-barcelona\/#primaryimage\",\"url\":\"https:\/\/aspri.es\/wp-content\/uploads\/2015\/10\/check.png\",\"contentUrl\":\"https:\/\/aspri.es\/wp-content\/uploads\/2015\/10\/check.png\"},{\"@type\":\"BreadcrumbList\",\"@id\":\"https:\/\/aspri.es\/ca\/serveis\/gestio-patrimonis-barcelona\/#breadcrumb\",\"itemListElement\":[{\"@type\":\"ListItem\",\"position\":1,\"name\":\"Home\",\"item\":\"https:\/\/aspri.es\/ca\/\"},{\"@type\":\"ListItem\",\"position\":2,\"name\":\"Serveis\",\"item\":\"https:\/\/aspri.es\/ca\/serveis\/\"},{\"@type\":\"ListItem\",\"position\":3,\"name\":\"Gesti\u00f3 de patrimonis a Barcelona\"}]},{\"@type\":\"WebSite\",\"@id\":\"https:\/\/aspri.es\/#website\",\"url\":\"https:\/\/aspri.es\/\",\"name\":\"Aspri\",\"description\":\"Otro sitio realizado con WordPress\",\"potentialAction\":[{\"@type\":\"SearchAction\",\"target\":{\"@type\":\"EntryPoint\",\"urlTemplate\":\"https:\/\/aspri.es\/?s={search_term_string}\"},\"query-input\":{\"@type\":\"PropertyValueSpecification\",\"valueRequired\":true,\"valueName\":\"search_term_string\"}}],\"inLanguage\":\"ca\"}]}<\/script>\n<!-- \/ Yoast SEO plugin. -->","yoast_head_json":{"title":"Gesti\u00f3 de patrimonis a Barcelona - Aspri","description":"A Aspri portem m\u00e9s de 30 anys administrant patrimonis immobiliaris amb l'objectiu d'ajudar a obtenir la m\u00e0xima rendibilitat de les inversions immobili\u00e0ries.","robots":{"index":"index","follow":"follow","max-snippet":"max-snippet:-1","max-image-preview":"max-image-preview:large","max-video-preview":"max-video-preview:-1"},"canonical":"https:\/\/aspri.es\/ca\/serveis\/gestio-patrimonis-barcelona\/","og_locale":"ca_ES","og_type":"article","og_title":"Gesti\u00f3 de patrimonis a Barcelona - Aspri","og_description":"A Aspri portem m\u00e9s de 30 anys administrant patrimonis immobiliaris amb l'objectiu d'ajudar a obtenir la m\u00e0xima rendibilitat de les inversions immobili\u00e0ries.","og_url":"https:\/\/aspri.es\/ca\/serveis\/gestio-patrimonis-barcelona\/","og_site_name":"Aspri","article_modified_time":"2018-03-09T11:30:13+00:00","og_image":[{"url":"https:\/\/aspri.es\/wp-content\/uploads\/2015\/10\/check.png","type":"","width":"","height":""}],"twitter_card":"summary_large_image","twitter_misc":{"Temps estimat de lectura":"3 minuts"},"schema":{"@context":"https:\/\/schema.org","@graph":[{"@type":"WebPage","@id":"https:\/\/aspri.es\/ca\/serveis\/gestio-patrimonis-barcelona\/","url":"https:\/\/aspri.es\/ca\/serveis\/gestio-patrimonis-barcelona\/","name":"Gesti\u00f3 de patrimonis a Barcelona - Aspri","isPartOf":{"@id":"https:\/\/aspri.es\/#website"},"primaryImageOfPage":{"@id":"https:\/\/aspri.es\/ca\/serveis\/gestio-patrimonis-barcelona\/#primaryimage"},"image":{"@id":"https:\/\/aspri.es\/ca\/serveis\/gestio-patrimonis-barcelona\/#primaryimage"},"thumbnailUrl":"https:\/\/aspri.es\/wp-content\/uploads\/2015\/10\/check.png","datePublished":"2015-09-17T16:44:45+00:00","dateModified":"2018-03-09T11:30:13+00:00","description":"A Aspri portem m\u00e9s de 30 anys administrant patrimonis immobiliaris amb l'objectiu d'ajudar a obtenir la m\u00e0xima rendibilitat de les inversions immobili\u00e0ries.","breadcrumb":{"@id":"https:\/\/aspri.es\/ca\/serveis\/gestio-patrimonis-barcelona\/#breadcrumb"},"inLanguage":"ca","potentialAction":[{"@type":"ReadAction","target":["https:\/\/aspri.es\/ca\/serveis\/gestio-patrimonis-barcelona\/"]}]},{"@type":"ImageObject","inLanguage":"ca","@id":"https:\/\/aspri.es\/ca\/serveis\/gestio-patrimonis-barcelona\/#primaryimage","url":"https:\/\/aspri.es\/wp-content\/uploads\/2015\/10\/check.png","contentUrl":"https:\/\/aspri.es\/wp-content\/uploads\/2015\/10\/check.png"},{"@type":"BreadcrumbList","@id":"https:\/\/aspri.es\/ca\/serveis\/gestio-patrimonis-barcelona\/#breadcrumb","itemListElement":[{"@type":"ListItem","position":1,"name":"Home","item":"https:\/\/aspri.es\/ca\/"},{"@type":"ListItem","position":2,"name":"Serveis","item":"https:\/\/aspri.es\/ca\/serveis\/"},{"@type":"ListItem","position":3,"name":"Gesti\u00f3 de patrimonis a Barcelona"}]},{"@type":"WebSite","@id":"https:\/\/aspri.es\/#website","url":"https:\/\/aspri.es\/","name":"Aspri","description":"Otro sitio realizado con WordPress","potentialAction":[{"@type":"SearchAction","target":{"@type":"EntryPoint","urlTemplate":"https:\/\/aspri.es\/?s={search_term_string}"},"query-input":{"@type":"PropertyValueSpecification","valueRequired":true,"valueName":"search_term_string"}}],"inLanguage":"ca"}]}},"_links":{"self":[{"href":"https:\/\/aspri.es\/ca\/wp-json\/wp\/v2\/pages\/733\/"}],"collection":[{"href":"https:\/\/aspri.es\/ca\/wp-json\/wp\/v2\/pages\/"}],"about":[{"href":"https:\/\/aspri.es\/ca\/wp-json\/wp\/v2\/types\/page\/"}],"author":[{"embeddable":true,"href":"https:\/\/aspri.es\/ca\/wp-json\/wp\/v2\/users\/2\/"}],"replies":[{"embeddable":true,"href":"https:\/\/aspri.es\/ca\/wp-json\/wp\/v2\/comments\/?post=733"}],"version-history":[{"count":8,"href":"https:\/\/aspri.es\/ca\/wp-json\/wp\/v2\/pages\/733\/revisions\/"}],"predecessor-version":[{"id":1004,"href":"https:\/\/aspri.es\/ca\/wp-json\/wp\/v2\/pages\/733\/revisions\/1004\/"}],"up":[{"embeddable":true,"href":"https:\/\/aspri.es\/ca\/wp-json\/wp\/v2\/pages\/723\/"}],"wp:attachment":[{"href":"https:\/\/aspri.es\/ca\/wp-json\/wp\/v2\/media\/?parent=733"}],"curies":[{"name":"wp","href":"https:\/\/api.w.org\/{rel}","templated":true}]}}