{"id":728,"date":"2015-09-17T16:45:44","date_gmt":"2015-09-17T16:45:44","guid":{"rendered":"https:\/\/aspri.es\/ca\/serveis\/asesoria-juridica-en-barcelona\/"},"modified":"2018-03-09T12:30:13","modified_gmt":"2018-03-09T11:30:13","slug":"assessoria-juridica-barcelona","status":"publish","type":"page","link":"https:\/\/aspri.es\/ca\/serveis\/assessoria-juridica-barcelona\/","title":{"rendered":"Assessoria jur\u00eddica a Barcelona"},"content":{"rendered":"<p>[vc_row el_class=&#8221;service_box_wrap&#8221;][vc_column width=&#8221;1\/6&#8243; css=&#8221;.vc_custom_1442578081905{margin-bottom: 20px !important;}&#8221;][vc_single_image image=&#8221;424&#8243; img_size=&#8221;full&#8221; alignment=&#8221;center&#8221; onclick=&#8221;custom_link&#8221; el_class=&#8221;inactive&#8221; link=&#8221;https:\/\/aspri.es\/ca\/serveis-dadministracio\/administracio-comunitats-barcelona\/&#8221;][\/vc_column][vc_column width=&#8221;1\/6&#8243; css=&#8221;.vc_custom_1442578086143{margin-bottom: 20px !important;}&#8221;][vc_single_image image=&#8221;422&#8243; img_size=&#8221;full&#8221; alignment=&#8221;center&#8221; onclick=&#8221;custom_link&#8221; el_class=&#8221;inactive&#8221; link=&#8221;https:\/\/aspri.es\/ca\/serveis-dadministracio\/administracio-lloguers-barcelona\/&#8221;][\/vc_column][vc_column width=&#8221;1\/6&#8243; css=&#8221;.vc_custom_1442578092942{margin-bottom: 20px !important;}&#8221;][vc_single_image image=&#8221;428&#8243; img_size=&#8221;full&#8221; alignment=&#8221;center&#8221; onclick=&#8221;custom_link&#8221; el_class=&#8221;inactive&#8221; link=&#8221;https:\/\/aspri.es\/ca\/serveis\/gestio-patrimonis-barcelona\/&#8221;][\/vc_column][vc_column width=&#8221;1\/6&#8243; css=&#8221;.vc_custom_1442578112226{margin-bottom: 20px !important;}&#8221;][vc_single_image image=&#8221;430&#8243; img_size=&#8221;full&#8221; alignment=&#8221;center&#8221; onclick=&#8221;custom_link&#8221; el_class=&#8221;inactive&#8221; link=&#8221;https:\/\/aspri.es\/ca\/serveis\/venda-dimmobles-barcelona\/&#8221;][\/vc_column][vc_column width=&#8221;1\/6&#8243; el_class=&#8221;service_box_last&#8221; css=&#8221;.vc_custom_1446107264571{margin-bottom: 20px !important;}&#8221;][vc_single_image image=&#8221;426&#8243; img_size=&#8221;full&#8221; alignment=&#8221;center&#8221;][\/vc_column][vc_column width=&#8221;1\/6&#8243;][vc_column_text]<br \/>\n[\/vc_column_text][\/vc_column][\/vc_row][vc_row el_class=&#8221;color&#8221;][vc_column][vc_column_text]El nostre departament jur\u00eddic est\u00e0 especialitzat en dret civil, arrendaments urbans i propietat horitzontal, a fi d&#8217;oferir un assessorament integral als nostres clients.[\/vc_column_text][\/vc_column][\/vc_row][vc_row el_class=&#8221;color&#8221;][vc_column width=&#8221;1\/4&#8243;][vc_column_text]<img loading=\"lazy\" decoding=\"async\" class=\"size-full wp-image-213 aligncenter\" src=\"https:\/\/aspri.es\/wp-content\/uploads\/2015\/10\/check.png\" alt=\"check\" width=\"50\" height=\"50\" \/><\/p>\n<p style=\"text-align: center;\"><strong>Negociaci\u00f3 i formalitzaci\u00f3 de contractes<\/strong><\/p>\n<p>[\/vc_column_text][\/vc_column][vc_column width=&#8221;1\/4&#8243;][vc_column_text]<img loading=\"lazy\" decoding=\"async\" class=\"size-full wp-image-213 aligncenter\" src=\"https:\/\/aspri.es\/wp-content\/uploads\/2015\/10\/check.png\" alt=\"check\" width=\"50\" height=\"50\" \/><\/p>\n<p style=\"text-align: center;\"><strong>Revisi\u00f3 de contractes d&#8217;arrendament subjectes a la prorroga for\u00e7osa de la LAU de 1964<\/strong><\/p>\n<p>[\/vc_column_text][\/vc_column][vc_column width=&#8221;1\/4&#8243;][vc_column_text]<img loading=\"lazy\" decoding=\"async\" class=\"size-full wp-image-213 aligncenter\" src=\"https:\/\/aspri.es\/wp-content\/uploads\/2015\/10\/check.png\" alt=\"check\" width=\"50\" height=\"50\" \/><\/p>\n<p style=\"text-align: center;\"><strong>Tramitaci\u00f3 i mediaci\u00f3 d&#8217;her\u00e8ncies<\/strong><\/p>\n<p>[\/vc_column_text][\/vc_column][vc_column width=&#8221;1\/4&#8243;][vc_column_text]<img loading=\"lazy\" decoding=\"async\" class=\"size-full wp-image-213 aligncenter\" src=\"https:\/\/aspri.es\/wp-content\/uploads\/2015\/10\/check.png\" alt=\"check\" width=\"50\" height=\"50\" \/><\/p>\n<p style=\"text-align: center;\"><strong>Redacci\u00f3 d&#8217;estatuts de comunitat de propietaris<\/strong><\/p>\n<p>[\/vc_column_text][\/vc_column][\/vc_row][vc_row el_class=&#8221;color&#8221;][vc_column width=&#8221;1\/4&#8243;][vc_column_text]<img loading=\"lazy\" decoding=\"async\" class=\"size-full wp-image-213 aligncenter\" src=\"https:\/\/aspri.es\/wp-content\/uploads\/2015\/10\/check.png\" alt=\"check\" width=\"50\" height=\"50\" \/><\/p>\n<p style=\"text-align: center;\"><strong>Tramitaci\u00f3 de desnonaments per manca de pagament i reclamaci\u00f3 de rendes a llogaters i avalistes<\/strong><\/p>\n<p>[\/vc_column_text][\/vc_column][vc_column width=&#8221;1\/4&#8243;][vc_column_text]<img loading=\"lazy\" decoding=\"async\" class=\"size-full wp-image-213 aligncenter\" src=\"https:\/\/aspri.es\/wp-content\/uploads\/2015\/10\/check.png\" alt=\"check\" width=\"50\" height=\"50\" \/><\/p>\n<p style=\"text-align: center;\"><strong>Declaracions d&#8217;obra nova i divisi\u00f3 en propietat horitzontal<\/strong><\/p>\n<p>[\/vc_column_text][\/vc_column][vc_column width=&#8221;1\/4&#8243;][vc_column_text]<img loading=\"lazy\" decoding=\"async\" class=\"size-full wp-image-213 aligncenter\" src=\"https:\/\/aspri.es\/wp-content\/uploads\/2015\/10\/check.png\" alt=\"check\" width=\"50\" height=\"50\" \/><\/p>\n<p style=\"text-align: center;\"><strong>Contractes d&#8217;obra<\/strong><\/p>\n<p>[\/vc_column_text][\/vc_column][vc_column width=&#8221;1\/4&#8243;][vc_column_text]<img loading=\"lazy\" decoding=\"async\" class=\"size-full wp-image-213 aligncenter\" src=\"https:\/\/aspri.es\/wp-content\/uploads\/2015\/10\/check.png\" alt=\"check\" width=\"50\" height=\"50\" \/><\/p>\n<p style=\"text-align: center;\"><strong>Mediaci\u00f3 i resoluci\u00f3 de conflictes<\/strong><\/p>\n<p>[\/vc_column_text][\/vc_column][\/vc_row][vc_row full_width=&#8221;stretch_row&#8221; css=&#8221;.vc_custom_1447261883496{margin-top: 30px !important;margin-bottom: 0px !important;background: #999999 url(https:\/\/aspri.es\/wp-content\/uploads\/2015\/10\/fondo-contacto.jpg?id=421) !important;}&#8221;][vc_column][vc_column_text el_class=&#8221;contactohome&#8221;]<\/p>\n<h2 style=\"text-align: center;\">Com podem ajudar-lo?<\/h2>\n<p style=\"text-align: center;\">Si desitja rebre m\u00e9s informaci\u00f3 o t\u00e9 qualsevol consulta, ompli el seg\u00fcent formulari i ens posarem en contacte amb vost\u00e8.<\/p>\n<p>[\/vc_column_text]\n<div class=\"wpcf7 no-js\" id=\"wpcf7-f718-o1\" lang=\"ca\" dir=\"ltr\" data-wpcf7-id=\"718\">\n<div class=\"screen-reader-response\"><p role=\"status\" aria-live=\"polite\" aria-atomic=\"true\"><\/p> <ul><\/ul><\/div>\n<form action=\"\/ca\/wp-json\/wp\/v2\/pages\/728\/#wpcf7-f718-o1\" method=\"post\" class=\"wpcf7-form init\" aria-label=\"Formulari de contacte\" novalidate=\"novalidate\" data-status=\"init\">\n<fieldset class=\"hidden-fields-container\"><input type=\"hidden\" name=\"_wpcf7\" value=\"718\" \/><input type=\"hidden\" name=\"_wpcf7_version\" value=\"6.1.5\" \/><input type=\"hidden\" name=\"_wpcf7_locale\" value=\"ca\" \/><input type=\"hidden\" name=\"_wpcf7_unit_tag\" value=\"wpcf7-f718-o1\" \/><input type=\"hidden\" name=\"_wpcf7_container_post\" value=\"0\" \/><input type=\"hidden\" name=\"_wpcf7_posted_data_hash\" value=\"\" \/><input type=\"hidden\" name=\"_wpcf7_recaptcha_response\" value=\"\" \/>\n<\/fieldset>\n<div style=\"float:left;width:32%;margin-right:2%;\">\n\t<p><span class=\"wpcf7-form-control-wrap\" data-name=\"your-name\"><input size=\"40\" maxlength=\"400\" class=\"wpcf7-form-control wpcf7-text wpcf7-validates-as-required\" aria-required=\"true\" aria-invalid=\"false\" placeholder=\"Nom*\" value=\"\" type=\"text\" name=\"your-name\" \/><\/span>\n\t<\/p>\n<\/div>\n<div style=\"float:left;width:32%;margin-right:2%;\">\n\t<p><span class=\"wpcf7-form-control-wrap\" data-name=\"your-email\"><input size=\"40\" maxlength=\"400\" class=\"wpcf7-form-control wpcf7-email wpcf7-validates-as-required wpcf7-text wpcf7-validates-as-email\" aria-required=\"true\" aria-invalid=\"false\" placeholder=\"E-mail*\" value=\"\" type=\"email\" name=\"your-email\" \/><\/span>\n\t<\/p>\n<\/div>\n<div style=\"float:left;width:32%;\">\n\t<p><span class=\"wpcf7-form-control-wrap\" data-name=\"tel-160\"><input size=\"40\" maxlength=\"400\" class=\"wpcf7-form-control wpcf7-tel wpcf7-text wpcf7-validates-as-tel\" aria-invalid=\"false\" placeholder=\"Tel\u00e8fon\" value=\"\" type=\"tel\" name=\"tel-160\" \/><\/span>\n\t<\/p>\n<\/div>\n<div style=\"clear:both;\">\n\t<p><span class=\"wpcf7-form-control-wrap\" data-name=\"your-subject\"><input size=\"40\" maxlength=\"400\" class=\"wpcf7-form-control wpcf7-text\" aria-invalid=\"false\" placeholder=\"Assumpte\" value=\"\" type=\"text\" name=\"your-subject\" \/><\/span>\n\t<\/p>\n<\/div>\n<div class=\"contacto\">\n\t<p><span class=\"wpcf7-form-control-wrap\" data-name=\"your-message\"><textarea cols=\"40\" rows=\"10\" maxlength=\"2000\" class=\"wpcf7-form-control wpcf7-textarea\" aria-invalid=\"false\" placeholder=\"Missatge\" name=\"your-message\"><\/textarea><\/span>\n\t<\/p>\n<\/div>\n<div style=\"float:left;color:#ffffff;\">\n\t<p><span class=\"wpcf7-form-control-wrap\" data-name=\"acceptance-949\"><span class=\"wpcf7-form-control wpcf7-acceptance\"><span class=\"wpcf7-list-item\"><input type=\"checkbox\" name=\"acceptance-949\" value=\"1\" aria-invalid=\"false\" \/><\/span><\/span><\/span> Accepto la <a style=\"color:#ffffff !important;\" href=\"https:\/\/aspri.es\/ca\/politica-de-privacitat\/\" title=\"P\u00e0gina de pol\u00edtica de privacitat\">pol\u00edtica de privacitat<\/a>\n\t<\/p>\n<\/div>\n<div style=\"text-align:right;\">\n\t<p><input class=\"wpcf7-form-control wpcf7-submit has-spinner\" type=\"submit\" value=\"Enviar\" \/>\n\t<\/p>\n<\/div><div class=\"wpcf7-response-output\" aria-hidden=\"true\"><\/div>\n<\/form>\n<\/div>\n[\/vc_column][\/vc_row]<\/p>\n","protected":false},"excerpt":{"rendered":"<p>[vc_row el_class=&#8221;service_box_wrap&#8221;][vc_column width=&#8221;1\/6&#8243; css=&#8221;.vc_custom_1442578081905{margin-bottom: 20px !important;}&#8221;][vc_single_image image=&#8221;424&#8243; img_size=&#8221;full&#8221; alignment=&#8221;center&#8221; onclick=&#8221;custom_link&#8221; el_class=&#8221;inactive&#8221; link=&#8221;https:\/\/aspri.es\/ca\/serveis-dadministracio\/administracio-comunitats-barcelona\/&#8221;][\/vc_column][vc_column width=&#8221;1\/6&#8243; css=&#8221;.vc_custom_1442578086143{margin-bottom: 20px !important;}&#8221;][vc_single_image image=&#8221;422&#8243; img_size=&#8221;full&#8221; alignment=&#8221;center&#8221; onclick=&#8221;custom_link&#8221; el_class=&#8221;inactive&#8221; link=&#8221;https:\/\/aspri.es\/ca\/serveis-dadministracio\/administracio-lloguers-barcelona\/&#8221;][\/vc_column][vc_column width=&#8221;1\/6&#8243; css=&#8221;.vc_custom_1442578092942{margin-bottom: 20px !important;}&#8221;][vc_single_image image=&#8221;428&#8243; img_size=&#8221;full&#8221; alignment=&#8221;center&#8221; onclick=&#8221;custom_link&#8221; el_class=&#8221;inactive&#8221; link=&#8221;https:\/\/aspri.es\/ca\/serveis\/gestio-patrimonis-barcelona\/&#8221;][\/vc_column][vc_column width=&#8221;1\/6&#8243; css=&#8221;.vc_custom_1442578112226{margin-bottom: 20px !important;}&#8221;][vc_single_image image=&#8221;430&#8243; img_size=&#8221;full&#8221; alignment=&#8221;center&#8221; onclick=&#8221;custom_link&#8221; el_class=&#8221;inactive&#8221; link=&#8221;https:\/\/aspri.es\/ca\/serveis\/venda-dimmobles-barcelona\/&#8221;][\/vc_column][vc_column width=&#8221;1\/6&#8243; el_class=&#8221;service_box_last&#8221; css=&#8221;.vc_custom_1446107264571{margin-bottom: 20px !important;}&#8221;][vc_single_image image=&#8221;426&#8243; img_size=&#8221;full&#8221; alignment=&#8221;center&#8221;][\/vc_column][vc_column width=&#8221;1\/6&#8243;][vc_column_text] [\/vc_column_text][\/vc_column][\/vc_row][vc_row el_class=&#8221;color&#8221;][vc_column][vc_column_text]El nostre departament [&hellip;]<\/p>\n","protected":false},"author":2,"featured_media":0,"parent":723,"menu_order":0,"comment_status":"closed","ping_status":"closed","template":"template-full-width.php","meta":{"_monsterinsights_skip_tracking":false,"_monsterinsights_sitenote_active":false,"_monsterinsights_sitenote_note":"","_monsterinsights_sitenote_category":0,"footnotes":""},"class_list":["post-728","page","type-page","status-publish","hentry"],"yoast_head":"<!-- This site is optimized with the Yoast SEO plugin v27.1.1 - https:\/\/yoast.com\/product\/yoast-seo-wordpress\/ -->\n<title>Assessoria jur\u00eddica a Barcelona - Aspri<\/title>\n<meta name=\"description\" content=\"A Aspri, disposem d&#039;un departament jur\u00eddic especialitzat en dret civil, arrendaments urbans i propietat horitzontal.\" \/>\n<meta name=\"robots\" content=\"index, follow, max-snippet:-1, max-image-preview:large, max-video-preview:-1\" \/>\n<link rel=\"canonical\" href=\"https:\/\/aspri.es\/ca\/serveis\/assessoria-juridica-barcelona\/\" \/>\n<meta property=\"og:locale\" content=\"ca_ES\" \/>\n<meta property=\"og:type\" content=\"article\" \/>\n<meta property=\"og:title\" content=\"Assessoria jur\u00eddica a Barcelona - Aspri\" \/>\n<meta property=\"og:description\" content=\"A Aspri, disposem d&#039;un departament jur\u00eddic especialitzat en dret civil, arrendaments urbans i propietat horitzontal.\" \/>\n<meta property=\"og:url\" content=\"https:\/\/aspri.es\/ca\/serveis\/assessoria-juridica-barcelona\/\" \/>\n<meta property=\"og:site_name\" content=\"Aspri\" \/>\n<meta property=\"article:modified_time\" content=\"2018-03-09T11:30:13+00:00\" \/>\n<meta property=\"og:image\" content=\"https:\/\/aspri.es\/wp-content\/uploads\/2015\/10\/check.png\" \/>\n<meta name=\"twitter:card\" content=\"summary_large_image\" \/>\n<meta name=\"twitter:label1\" content=\"Temps estimat de lectura\" \/>\n\t<meta name=\"twitter:data1\" content=\"2 minuts\" \/>\n<script type=\"application\/ld+json\" class=\"yoast-schema-graph\">{\"@context\":\"https:\/\/schema.org\",\"@graph\":[{\"@type\":\"WebPage\",\"@id\":\"https:\/\/aspri.es\/ca\/serveis\/assessoria-juridica-barcelona\/\",\"url\":\"https:\/\/aspri.es\/ca\/serveis\/assessoria-juridica-barcelona\/\",\"name\":\"Assessoria jur\u00eddica a Barcelona - Aspri\",\"isPartOf\":{\"@id\":\"https:\/\/aspri.es\/#website\"},\"primaryImageOfPage\":{\"@id\":\"https:\/\/aspri.es\/ca\/serveis\/assessoria-juridica-barcelona\/#primaryimage\"},\"image\":{\"@id\":\"https:\/\/aspri.es\/ca\/serveis\/assessoria-juridica-barcelona\/#primaryimage\"},\"thumbnailUrl\":\"https:\/\/aspri.es\/wp-content\/uploads\/2015\/10\/check.png\",\"datePublished\":\"2015-09-17T16:45:44+00:00\",\"dateModified\":\"2018-03-09T11:30:13+00:00\",\"description\":\"A Aspri, disposem d'un departament jur\u00eddic especialitzat en dret civil, arrendaments urbans i propietat horitzontal.\",\"breadcrumb\":{\"@id\":\"https:\/\/aspri.es\/ca\/serveis\/assessoria-juridica-barcelona\/#breadcrumb\"},\"inLanguage\":\"ca\",\"potentialAction\":[{\"@type\":\"ReadAction\",\"target\":[\"https:\/\/aspri.es\/ca\/serveis\/assessoria-juridica-barcelona\/\"]}]},{\"@type\":\"ImageObject\",\"inLanguage\":\"ca\",\"@id\":\"https:\/\/aspri.es\/ca\/serveis\/assessoria-juridica-barcelona\/#primaryimage\",\"url\":\"https:\/\/aspri.es\/wp-content\/uploads\/2015\/10\/check.png\",\"contentUrl\":\"https:\/\/aspri.es\/wp-content\/uploads\/2015\/10\/check.png\"},{\"@type\":\"BreadcrumbList\",\"@id\":\"https:\/\/aspri.es\/ca\/serveis\/assessoria-juridica-barcelona\/#breadcrumb\",\"itemListElement\":[{\"@type\":\"ListItem\",\"position\":1,\"name\":\"Home\",\"item\":\"https:\/\/aspri.es\/ca\/\"},{\"@type\":\"ListItem\",\"position\":2,\"name\":\"Serveis\",\"item\":\"https:\/\/aspri.es\/ca\/serveis\/\"},{\"@type\":\"ListItem\",\"position\":3,\"name\":\"Assessoria jur\u00eddica a Barcelona\"}]},{\"@type\":\"WebSite\",\"@id\":\"https:\/\/aspri.es\/#website\",\"url\":\"https:\/\/aspri.es\/\",\"name\":\"Aspri\",\"description\":\"Otro sitio realizado con WordPress\",\"potentialAction\":[{\"@type\":\"SearchAction\",\"target\":{\"@type\":\"EntryPoint\",\"urlTemplate\":\"https:\/\/aspri.es\/?s={search_term_string}\"},\"query-input\":{\"@type\":\"PropertyValueSpecification\",\"valueRequired\":true,\"valueName\":\"search_term_string\"}}],\"inLanguage\":\"ca\"}]}<\/script>\n<!-- \/ Yoast SEO plugin. -->","yoast_head_json":{"title":"Assessoria jur\u00eddica a Barcelona - Aspri","description":"A Aspri, disposem d'un departament jur\u00eddic especialitzat en dret civil, arrendaments urbans i propietat horitzontal.","robots":{"index":"index","follow":"follow","max-snippet":"max-snippet:-1","max-image-preview":"max-image-preview:large","max-video-preview":"max-video-preview:-1"},"canonical":"https:\/\/aspri.es\/ca\/serveis\/assessoria-juridica-barcelona\/","og_locale":"ca_ES","og_type":"article","og_title":"Assessoria jur\u00eddica a Barcelona - Aspri","og_description":"A Aspri, disposem d'un departament jur\u00eddic especialitzat en dret civil, arrendaments urbans i propietat horitzontal.","og_url":"https:\/\/aspri.es\/ca\/serveis\/assessoria-juridica-barcelona\/","og_site_name":"Aspri","article_modified_time":"2018-03-09T11:30:13+00:00","og_image":[{"url":"https:\/\/aspri.es\/wp-content\/uploads\/2015\/10\/check.png","type":"","width":"","height":""}],"twitter_card":"summary_large_image","twitter_misc":{"Temps estimat de lectura":"2 minuts"},"schema":{"@context":"https:\/\/schema.org","@graph":[{"@type":"WebPage","@id":"https:\/\/aspri.es\/ca\/serveis\/assessoria-juridica-barcelona\/","url":"https:\/\/aspri.es\/ca\/serveis\/assessoria-juridica-barcelona\/","name":"Assessoria jur\u00eddica a Barcelona - Aspri","isPartOf":{"@id":"https:\/\/aspri.es\/#website"},"primaryImageOfPage":{"@id":"https:\/\/aspri.es\/ca\/serveis\/assessoria-juridica-barcelona\/#primaryimage"},"image":{"@id":"https:\/\/aspri.es\/ca\/serveis\/assessoria-juridica-barcelona\/#primaryimage"},"thumbnailUrl":"https:\/\/aspri.es\/wp-content\/uploads\/2015\/10\/check.png","datePublished":"2015-09-17T16:45:44+00:00","dateModified":"2018-03-09T11:30:13+00:00","description":"A Aspri, disposem d'un departament jur\u00eddic especialitzat en dret civil, arrendaments urbans i propietat horitzontal.","breadcrumb":{"@id":"https:\/\/aspri.es\/ca\/serveis\/assessoria-juridica-barcelona\/#breadcrumb"},"inLanguage":"ca","potentialAction":[{"@type":"ReadAction","target":["https:\/\/aspri.es\/ca\/serveis\/assessoria-juridica-barcelona\/"]}]},{"@type":"ImageObject","inLanguage":"ca","@id":"https:\/\/aspri.es\/ca\/serveis\/assessoria-juridica-barcelona\/#primaryimage","url":"https:\/\/aspri.es\/wp-content\/uploads\/2015\/10\/check.png","contentUrl":"https:\/\/aspri.es\/wp-content\/uploads\/2015\/10\/check.png"},{"@type":"BreadcrumbList","@id":"https:\/\/aspri.es\/ca\/serveis\/assessoria-juridica-barcelona\/#breadcrumb","itemListElement":[{"@type":"ListItem","position":1,"name":"Home","item":"https:\/\/aspri.es\/ca\/"},{"@type":"ListItem","position":2,"name":"Serveis","item":"https:\/\/aspri.es\/ca\/serveis\/"},{"@type":"ListItem","position":3,"name":"Assessoria jur\u00eddica a Barcelona"}]},{"@type":"WebSite","@id":"https:\/\/aspri.es\/#website","url":"https:\/\/aspri.es\/","name":"Aspri","description":"Otro sitio realizado con WordPress","potentialAction":[{"@type":"SearchAction","target":{"@type":"EntryPoint","urlTemplate":"https:\/\/aspri.es\/?s={search_term_string}"},"query-input":{"@type":"PropertyValueSpecification","valueRequired":true,"valueName":"search_term_string"}}],"inLanguage":"ca"}]}},"_links":{"self":[{"href":"https:\/\/aspri.es\/ca\/wp-json\/wp\/v2\/pages\/728\/"}],"collection":[{"href":"https:\/\/aspri.es\/ca\/wp-json\/wp\/v2\/pages\/"}],"about":[{"href":"https:\/\/aspri.es\/ca\/wp-json\/wp\/v2\/types\/page\/"}],"author":[{"embeddable":true,"href":"https:\/\/aspri.es\/ca\/wp-json\/wp\/v2\/users\/2\/"}],"replies":[{"embeddable":true,"href":"https:\/\/aspri.es\/ca\/wp-json\/wp\/v2\/comments\/?post=728"}],"version-history":[{"count":8,"href":"https:\/\/aspri.es\/ca\/wp-json\/wp\/v2\/pages\/728\/revisions\/"}],"predecessor-version":[{"id":1055,"href":"https:\/\/aspri.es\/ca\/wp-json\/wp\/v2\/pages\/728\/revisions\/1055\/"}],"up":[{"embeddable":true,"href":"https:\/\/aspri.es\/ca\/wp-json\/wp\/v2\/pages\/723\/"}],"wp:attachment":[{"href":"https:\/\/aspri.es\/ca\/wp-json\/wp\/v2\/media\/?parent=728"}],"curies":[{"name":"wp","href":"https:\/\/api.w.org\/{rel}","templated":true}]}}