{"id":723,"date":"2015-09-17T16:42:00","date_gmt":"2015-09-17T16:42:00","guid":{"rendered":"https:\/\/aspri.es\/ca\/servicios\/"},"modified":"2018-03-09T12:30:13","modified_gmt":"2018-03-09T11:30:13","slug":"serveis","status":"publish","type":"page","link":"https:\/\/aspri.es\/ca\/serveis\/","title":{"rendered":"Serveis"},"content":{"rendered":"<p>[vc_row][vc_column width=&#8221;1\/3&#8243; css=&#8221;.vc_custom_1442578092942{margin-bottom: 20px !important;}&#8221;][vc_single_image image=&#8221;428&#8243; img_size=&#8221;full&#8221; alignment=&#8221;center&#8221; onclick=&#8221;custom_link&#8221; link=&#8221;https:\/\/aspri.es\/ca\/serveis\/gestio-patrimonis-barcelona\/&#8221;][vc_column_text el_class=&#8221;color&#8221;]<\/p>\n<h2 style=\"text-align: center;\">Gesti\u00f3 de<br \/>\npatrimonis<\/h2>\n<p style=\"text-align: center;\">Portem molts anys administrant patrimonis immobiliaris amb un objectiu molt clar: <strong>Obtenir la m\u00e0xima rendibilitat<\/strong>, optimitzant la seva inversi\u00f3 durant tota la gesti\u00f3 del lloguer amb les m\u00e0ximes garanties.<\/p>\n<p>[\/vc_column_text][\/vc_column][vc_column width=&#8221;1\/3&#8243; css=&#8221;.vc_custom_1442578112226{margin-bottom: 20px !important;}&#8221;][vc_single_image image=&#8221;430&#8243; img_size=&#8221;full&#8221; alignment=&#8221;center&#8221; onclick=&#8221;custom_link&#8221; link=&#8221;https:\/\/aspri.es\/ca\/serveis\/venda-dimmobles-barcelona\/&#8221;][vc_column_text el_class=&#8221;color&#8221;]<\/p>\n<h2 style=\"text-align: center;\">Venda<br \/>\nd&#8217;immobles<\/h2>\n<p style=\"text-align: center;\">L\u2019assessorem en les seves operacions de <strong>compra o venda d\u2019immobles<\/strong> per que prengui les millors decisions immobili\u00e0ries amb el suport de la nostra experi\u00e8ncia al sector.<\/p>\n<p>[\/vc_column_text][\/vc_column][vc_column width=&#8221;1\/3&#8243; el_class=&#8221;home_box_last&#8221; css=&#8221;.vc_custom_1442578106278{margin-bottom: 20px !important;}&#8221;][vc_single_image image=&#8221;426&#8243; img_size=&#8221;full&#8221; alignment=&#8221;center&#8221; onclick=&#8221;custom_link&#8221; link=&#8221;https:\/\/aspri.es\/ca\/serveis\/assessoria-juridica-barcelona\/&#8221;][vc_column_text el_class=&#8221;color&#8221;]<\/p>\n<h2 style=\"text-align: center;\">Assessoria<br \/>\njur\u00eddica<\/h2>\n<p style=\"text-align: center;\">Els nostres coneixements en dret immobiliari ens permeten oferir als nostres clients el millor <strong>servei d\u2019assessoria jur\u00eddica<\/strong> amb professionals especialistes en dret civil, arrendaments urbans i propietat horitzontal.<\/p>\n<p>[\/vc_column_text][\/vc_column][\/vc_row][vc_row full_width=&#8221;stretch_row&#8221; css=&#8221;.vc_custom_1447263479799{margin-bottom: 0px !important;background: #999999 url(https:\/\/aspri.es\/wp-content\/uploads\/2015\/10\/fondo-contacto.jpg?id=421) !important;}&#8221;][vc_column][vc_empty_space][vc_column_text el_class=&#8221;contactohome&#8221;]<\/p>\n<h2 style=\"text-align: center;\">Com podem ajudar-lo?<\/h2>\n<p style=\"text-align: center;\">Si desitja rebre m\u00e9s informaci\u00f3 o t\u00e9 qualsevol consulta, ompli el seg\u00fcent formulari i ens posarem en contacte amb vost\u00e8.<\/p>\n<p>[\/vc_column_text]\n<div class=\"wpcf7 no-js\" id=\"wpcf7-f718-o1\" lang=\"ca\" dir=\"ltr\" data-wpcf7-id=\"718\">\n<div class=\"screen-reader-response\"><p role=\"status\" aria-live=\"polite\" aria-atomic=\"true\"><\/p> <ul><\/ul><\/div>\n<form action=\"\/ca\/wp-json\/wp\/v2\/pages\/723#wpcf7-f718-o1\" method=\"post\" class=\"wpcf7-form init\" aria-label=\"Formulari de contacte\" novalidate=\"novalidate\" data-status=\"init\">\n<fieldset class=\"hidden-fields-container\"><input type=\"hidden\" name=\"_wpcf7\" value=\"718\" \/><input type=\"hidden\" name=\"_wpcf7_version\" value=\"6.1.5\" \/><input type=\"hidden\" name=\"_wpcf7_locale\" value=\"ca\" \/><input type=\"hidden\" name=\"_wpcf7_unit_tag\" value=\"wpcf7-f718-o1\" \/><input type=\"hidden\" name=\"_wpcf7_container_post\" value=\"0\" \/><input type=\"hidden\" name=\"_wpcf7_posted_data_hash\" value=\"\" \/><input type=\"hidden\" name=\"_wpcf7_recaptcha_response\" value=\"\" \/>\n<\/fieldset>\n<div style=\"float:left;width:32%;margin-right:2%;\">\n\t<p><span class=\"wpcf7-form-control-wrap\" data-name=\"your-name\"><input size=\"40\" maxlength=\"400\" class=\"wpcf7-form-control wpcf7-text wpcf7-validates-as-required\" aria-required=\"true\" aria-invalid=\"false\" placeholder=\"Nom*\" value=\"\" type=\"text\" name=\"your-name\" \/><\/span>\n\t<\/p>\n<\/div>\n<div style=\"float:left;width:32%;margin-right:2%;\">\n\t<p><span class=\"wpcf7-form-control-wrap\" data-name=\"your-email\"><input size=\"40\" maxlength=\"400\" class=\"wpcf7-form-control wpcf7-email wpcf7-validates-as-required wpcf7-text wpcf7-validates-as-email\" aria-required=\"true\" aria-invalid=\"false\" placeholder=\"E-mail*\" value=\"\" type=\"email\" name=\"your-email\" \/><\/span>\n\t<\/p>\n<\/div>\n<div style=\"float:left;width:32%;\">\n\t<p><span class=\"wpcf7-form-control-wrap\" data-name=\"tel-160\"><input size=\"40\" maxlength=\"400\" class=\"wpcf7-form-control wpcf7-tel wpcf7-text wpcf7-validates-as-tel\" aria-invalid=\"false\" placeholder=\"Tel\u00e8fon\" value=\"\" type=\"tel\" name=\"tel-160\" \/><\/span>\n\t<\/p>\n<\/div>\n<div style=\"clear:both;\">\n\t<p><span class=\"wpcf7-form-control-wrap\" data-name=\"your-subject\"><input size=\"40\" maxlength=\"400\" class=\"wpcf7-form-control wpcf7-text\" aria-invalid=\"false\" placeholder=\"Assumpte\" value=\"\" type=\"text\" name=\"your-subject\" \/><\/span>\n\t<\/p>\n<\/div>\n<div class=\"contacto\">\n\t<p><span class=\"wpcf7-form-control-wrap\" data-name=\"your-message\"><textarea cols=\"40\" rows=\"10\" maxlength=\"2000\" class=\"wpcf7-form-control wpcf7-textarea\" aria-invalid=\"false\" placeholder=\"Missatge\" name=\"your-message\"><\/textarea><\/span>\n\t<\/p>\n<\/div>\n<div style=\"float:left;color:#ffffff;\">\n\t<p><span class=\"wpcf7-form-control-wrap\" data-name=\"acceptance-949\"><span class=\"wpcf7-form-control wpcf7-acceptance\"><span class=\"wpcf7-list-item\"><input type=\"checkbox\" name=\"acceptance-949\" value=\"1\" aria-invalid=\"false\" \/><\/span><\/span><\/span> Accepto la <a style=\"color:#ffffff !important;\" href=\"https:\/\/aspri.es\/ca\/politica-de-privacitat\/\" title=\"P\u00e0gina de pol\u00edtica de privacitat\">pol\u00edtica de privacitat<\/a>\n\t<\/p>\n<\/div>\n<div style=\"text-align:right;\">\n\t<p><input class=\"wpcf7-form-control wpcf7-submit has-spinner\" type=\"submit\" value=\"Enviar\" \/>\n\t<\/p>\n<\/div><div class=\"wpcf7-response-output\" aria-hidden=\"true\"><\/div>\n<\/form>\n<\/div>\n[\/vc_column][\/vc_row]<\/p>\n","protected":false},"excerpt":{"rendered":"<p>[vc_row][vc_column width=&#8221;1\/3&#8243; css=&#8221;.vc_custom_1442578092942{margin-bottom: 20px !important;}&#8221;][vc_single_image image=&#8221;428&#8243; img_size=&#8221;full&#8221; alignment=&#8221;center&#8221; onclick=&#8221;custom_link&#8221; link=&#8221;https:\/\/aspri.es\/ca\/serveis\/gestio-patrimonis-barcelona\/&#8221;][vc_column_text el_class=&#8221;color&#8221;] Gesti\u00f3 de patrimonis Portem molts anys administrant patrimonis immobiliaris amb un objectiu molt clar: Obtenir la m\u00e0xima rendibilitat, optimitzant la seva inversi\u00f3 durant tota la gesti\u00f3 del lloguer amb les m\u00e0ximes garanties. [\/vc_column_text][\/vc_column][vc_column width=&#8221;1\/3&#8243; css=&#8221;.vc_custom_1442578112226{margin-bottom: 20px !important;}&#8221;][vc_single_image image=&#8221;430&#8243; img_size=&#8221;full&#8221; alignment=&#8221;center&#8221; onclick=&#8221;custom_link&#8221; link=&#8221;https:\/\/aspri.es\/ca\/serveis\/venda-dimmobles-barcelona\/&#8221;][vc_column_text el_class=&#8221;color&#8221;] Venda [&hellip;]<\/p>\n","protected":false},"author":2,"featured_media":0,"parent":0,"menu_order":0,"comment_status":"closed","ping_status":"closed","template":"template-full-width.php","meta":{"_monsterinsights_skip_tracking":false,"_monsterinsights_sitenote_active":false,"_monsterinsights_sitenote_note":"","_monsterinsights_sitenote_category":0,"footnotes":""},"class_list":["post-723","page","type-page","status-publish","hentry"],"yoast_head":"<!-- This site is optimized with the Yoast SEO plugin v27.1.1 - https:\/\/yoast.com\/product\/yoast-seo-wordpress\/ -->\n<title>Serveis immobiliaris a Barcelona - Aspri<\/title>\n<meta name=\"description\" content=\"A Aspri, oferim a Barcelona serveis de gesti\u00f3 de patrimonis, venda d&#039; immobles i assessoria jur\u00eddica.\" \/>\n<meta name=\"robots\" content=\"index, follow, max-snippet:-1, max-image-preview:large, max-video-preview:-1\" \/>\n<link rel=\"canonical\" href=\"https:\/\/aspri.es\/ca\/serveis\/\" \/>\n<meta property=\"og:locale\" content=\"ca_ES\" \/>\n<meta property=\"og:type\" content=\"article\" \/>\n<meta property=\"og:title\" content=\"Serveis immobiliaris a Barcelona - Aspri\" \/>\n<meta property=\"og:description\" content=\"A Aspri, oferim a Barcelona serveis de gesti\u00f3 de patrimonis, venda d&#039; immobles i assessoria jur\u00eddica.\" \/>\n<meta property=\"og:url\" content=\"https:\/\/aspri.es\/ca\/serveis\/\" \/>\n<meta property=\"og:site_name\" content=\"Aspri\" \/>\n<meta property=\"article:modified_time\" content=\"2018-03-09T11:30:13+00:00\" \/>\n<meta name=\"twitter:card\" content=\"summary_large_image\" \/>\n<meta name=\"twitter:label1\" content=\"Temps estimat de lectura\" \/>\n\t<meta name=\"twitter:data1\" content=\"1 minut\" \/>\n<script type=\"application\/ld+json\" class=\"yoast-schema-graph\">{\"@context\":\"https:\/\/schema.org\",\"@graph\":[{\"@type\":\"WebPage\",\"@id\":\"https:\/\/aspri.es\/ca\/serveis\/\",\"url\":\"https:\/\/aspri.es\/ca\/serveis\/\",\"name\":\"Serveis immobiliaris a Barcelona - Aspri\",\"isPartOf\":{\"@id\":\"https:\/\/aspri.es\/#website\"},\"datePublished\":\"2015-09-17T16:42:00+00:00\",\"dateModified\":\"2018-03-09T11:30:13+00:00\",\"description\":\"A Aspri, oferim a Barcelona serveis de gesti\u00f3 de patrimonis, venda d' immobles i assessoria jur\u00eddica.\",\"breadcrumb\":{\"@id\":\"https:\/\/aspri.es\/ca\/serveis\/#breadcrumb\"},\"inLanguage\":\"ca\",\"potentialAction\":[{\"@type\":\"ReadAction\",\"target\":[\"https:\/\/aspri.es\/ca\/serveis\/\"]}]},{\"@type\":\"BreadcrumbList\",\"@id\":\"https:\/\/aspri.es\/ca\/serveis\/#breadcrumb\",\"itemListElement\":[{\"@type\":\"ListItem\",\"position\":1,\"name\":\"Home\",\"item\":\"https:\/\/aspri.es\/ca\/\"},{\"@type\":\"ListItem\",\"position\":2,\"name\":\"Serveis\"}]},{\"@type\":\"WebSite\",\"@id\":\"https:\/\/aspri.es\/#website\",\"url\":\"https:\/\/aspri.es\/\",\"name\":\"Aspri\",\"description\":\"Otro sitio realizado con WordPress\",\"potentialAction\":[{\"@type\":\"SearchAction\",\"target\":{\"@type\":\"EntryPoint\",\"urlTemplate\":\"https:\/\/aspri.es\/?s={search_term_string}\"},\"query-input\":{\"@type\":\"PropertyValueSpecification\",\"valueRequired\":true,\"valueName\":\"search_term_string\"}}],\"inLanguage\":\"ca\"}]}<\/script>\n<!-- \/ Yoast SEO plugin. -->","yoast_head_json":{"title":"Serveis immobiliaris a Barcelona - Aspri","description":"A Aspri, oferim a Barcelona serveis de gesti\u00f3 de patrimonis, venda d' immobles i assessoria jur\u00eddica.","robots":{"index":"index","follow":"follow","max-snippet":"max-snippet:-1","max-image-preview":"max-image-preview:large","max-video-preview":"max-video-preview:-1"},"canonical":"https:\/\/aspri.es\/ca\/serveis\/","og_locale":"ca_ES","og_type":"article","og_title":"Serveis immobiliaris a Barcelona - Aspri","og_description":"A Aspri, oferim a Barcelona serveis de gesti\u00f3 de patrimonis, venda d' immobles i assessoria jur\u00eddica.","og_url":"https:\/\/aspri.es\/ca\/serveis\/","og_site_name":"Aspri","article_modified_time":"2018-03-09T11:30:13+00:00","twitter_card":"summary_large_image","twitter_misc":{"Temps estimat de lectura":"1 minut"},"schema":{"@context":"https:\/\/schema.org","@graph":[{"@type":"WebPage","@id":"https:\/\/aspri.es\/ca\/serveis\/","url":"https:\/\/aspri.es\/ca\/serveis\/","name":"Serveis immobiliaris a Barcelona - Aspri","isPartOf":{"@id":"https:\/\/aspri.es\/#website"},"datePublished":"2015-09-17T16:42:00+00:00","dateModified":"2018-03-09T11:30:13+00:00","description":"A Aspri, oferim a Barcelona serveis de gesti\u00f3 de patrimonis, venda d' immobles i assessoria jur\u00eddica.","breadcrumb":{"@id":"https:\/\/aspri.es\/ca\/serveis\/#breadcrumb"},"inLanguage":"ca","potentialAction":[{"@type":"ReadAction","target":["https:\/\/aspri.es\/ca\/serveis\/"]}]},{"@type":"BreadcrumbList","@id":"https:\/\/aspri.es\/ca\/serveis\/#breadcrumb","itemListElement":[{"@type":"ListItem","position":1,"name":"Home","item":"https:\/\/aspri.es\/ca\/"},{"@type":"ListItem","position":2,"name":"Serveis"}]},{"@type":"WebSite","@id":"https:\/\/aspri.es\/#website","url":"https:\/\/aspri.es\/","name":"Aspri","description":"Otro sitio realizado con WordPress","potentialAction":[{"@type":"SearchAction","target":{"@type":"EntryPoint","urlTemplate":"https:\/\/aspri.es\/?s={search_term_string}"},"query-input":{"@type":"PropertyValueSpecification","valueRequired":true,"valueName":"search_term_string"}}],"inLanguage":"ca"}]}},"_links":{"self":[{"href":"https:\/\/aspri.es\/ca\/wp-json\/wp\/v2\/pages\/723\/"}],"collection":[{"href":"https:\/\/aspri.es\/ca\/wp-json\/wp\/v2\/pages\/"}],"about":[{"href":"https:\/\/aspri.es\/ca\/wp-json\/wp\/v2\/types\/page\/"}],"author":[{"embeddable":true,"href":"https:\/\/aspri.es\/ca\/wp-json\/wp\/v2\/users\/2\/"}],"replies":[{"embeddable":true,"href":"https:\/\/aspri.es\/ca\/wp-json\/wp\/v2\/comments\/?post=723"}],"version-history":[{"count":5,"href":"https:\/\/aspri.es\/ca\/wp-json\/wp\/v2\/pages\/723\/revisions\/"}],"predecessor-version":[{"id":1044,"href":"https:\/\/aspri.es\/ca\/wp-json\/wp\/v2\/pages\/723\/revisions\/1044\/"}],"wp:attachment":[{"href":"https:\/\/aspri.es\/ca\/wp-json\/wp\/v2\/media\/?parent=723"}],"curies":[{"name":"wp","href":"https:\/\/api.w.org\/{rel}","templated":true}]}}